{"id":1377,"date":"2024-03-22T11:12:08","date_gmt":"2024-03-22T10:12:08","guid":{"rendered":"https:\/\/auclairdeletre.fr\/?post_type=product&#038;p=1377"},"modified":"2025-08-30T12:26:13","modified_gmt":"2025-08-30T10:26:13","slug":"oracle-le-futura-lenormand","status":"publish","type":"product","link":"https:\/\/auclairdeletre.fr\/index.php\/produit\/oracle-le-futura-lenormand\/","title":{"rendered":"Oracle Le Futura Lenormand"},"content":{"rendered":"<p>L\u2019<strong>Oracle du Petit Lenormand \u201cLe Futura Lenormand\u201d<\/strong>, cr\u00e9\u00e9 par\u00a0<strong>Emma Wheelfairy<\/strong>, est une version moderne et captivante du traditionnel jeu divinatoire de\u00a0<strong>Mademoiselle Lenormand<\/strong>. Compos\u00e9 de\u00a0<strong>36 cartes<\/strong>, cet oracle offre une exp\u00e9rience enrichissante pour les d\u00e9butants comme pour les utilisateurs confirm\u00e9s.<\/p>\n<p><strong>Origine et Inspiration<\/strong> :<\/p>\n<ul>\n<li><span style=\"font-family: var(--global-body-font-family);\">Le\u00a0<\/span><strong style=\"font-family: var(--global-body-font-family);\">Futura Lenormand<\/strong><span style=\"font-family: var(--global-body-font-family);\">\u00a0s\u2019inspire du riche h\u00e9ritage de la cartomancie et des arts divinatoires.<\/span><\/li>\n<li><strong>Emma Wheelfairy<\/strong> a revisit\u00e9 les symboles traditionnels pour cr\u00e9er un jeu moderne et accessible.<\/li>\n<li style=\"list-style-type: none;\"><\/li>\n<\/ul>\n<p><strong>Composition des Cartes<\/strong>\u00a0:<\/p>\n<ul>\n<li>Les\u00a0<strong>36 cartes<\/strong>\u00a0du\u00a0<strong>Futura Lenormand<\/strong>\u00a0arborent un graphisme simple, color\u00e9 et \u00e9vocateur.<\/li>\n<li>Chaque carte poss\u00e8de une signification sp\u00e9cifique, bas\u00e9e sur les enseignements de Mademoiselle Lenormand.<\/li>\n<\/ul>\n<p><strong>Interpr\u00e9tations et Utilisations<\/strong>\u00a0:<\/p>\n<ul>\n<li>L\u2019oracle permet d\u2019explorer divers aspects de la vie : amour, carri\u00e8re, sant\u00e9, relations, etc.<\/li>\n<li>Les tirages offrent des r\u00e9ponses claires et concises.<\/li>\n<li>Les d\u00e9butants peuvent facilement s\u2019initier \u00e0 la cartomancie gr\u00e2ce \u00e0 ce jeu.<\/li>\n<\/ul>\n","protected":false},"excerpt":{"rendered":"<p>L\u2019<strong>Oracle du Petit Lenormand \u201cLe Futura Lenormand\u201d<\/strong>, cr\u00e9\u00e9 par\u00a0<strong>Emma Wheelfairy<\/strong>, est une version moderne et captivante du traditionnel jeu divinatoire de\u00a0<strong>Mademoiselle Lenormand<\/strong>. Compos\u00e9 de\u00a0<strong>36 cartes<\/strong>, cet oracle offre une exp\u00e9rience enrichissante pour les d\u00e9butants comme pour les utilisateurs confirm\u00e9s.<\/p>\n","protected":false},"featured_media":1384,"comment_status":"open","ping_status":"closed","template":"","meta":{"_kad_post_transparent":"default","_kad_post_title":"","_kad_post_layout":"default","_kad_post_sidebar_id":"","_kad_post_content_style":"default","_kad_post_vertical_padding":"default","_kad_post_feature":"","_kad_post_feature_position":"","_kad_post_header":false,"_kad_post_footer":false},"product_brand":[],"product_cat":[33,36],"product_tag":[],"class_list":{"0":"post-1377","1":"product","2":"type-product","3":"status-publish","4":"has-post-thumbnail","6":"product_cat-non-classe","7":"product_cat-jeux","9":"first","10":"outofstock","11":"purchasable","12":"product-type-simple","13":"entry","14":"content-bg","15":"loop-entry"},"_links":{"self":[{"href":"https:\/\/auclairdeletre.fr\/index.php\/wp-json\/wp\/v2\/product\/1377","targetHints":{"allow":["GET"]}}],"collection":[{"href":"https:\/\/auclairdeletre.fr\/index.php\/wp-json\/wp\/v2\/product"}],"about":[{"href":"https:\/\/auclairdeletre.fr\/index.php\/wp-json\/wp\/v2\/types\/product"}],"replies":[{"embeddable":true,"href":"https:\/\/auclairdeletre.fr\/index.php\/wp-json\/wp\/v2\/comments?post=1377"}],"wp:featuredmedia":[{"embeddable":true,"href":"https:\/\/auclairdeletre.fr\/index.php\/wp-json\/wp\/v2\/media\/1384"}],"wp:attachment":[{"href":"https:\/\/auclairdeletre.fr\/index.php\/wp-json\/wp\/v2\/media?parent=1377"}],"wp:term":[{"taxonomy":"product_brand","embeddable":true,"href":"https:\/\/auclairdeletre.fr\/index.php\/wp-json\/wp\/v2\/product_brand?post=1377"},{"taxonomy":"product_cat","embeddable":true,"href":"https:\/\/auclairdeletre.fr\/index.php\/wp-json\/wp\/v2\/product_cat?post=1377"},{"taxonomy":"product_tag","embeddable":true,"href":"https:\/\/auclairdeletre.fr\/index.php\/wp-json\/wp\/v2\/product_tag?post=1377"}],"curies":[{"name":"wp","href":"https:\/\/api.w.org\/{rel}","templated":true}]}}