{"id":332,"date":"2023-10-15T22:04:52","date_gmt":"2023-10-15T20:04:52","guid":{"rendered":"https:\/\/auclairdeletre.fr\/?page_id=332"},"modified":"2023-10-21T13:49:10","modified_gmt":"2023-10-21T11:49:10","slug":"sophie-pichot","status":"publish","type":"page","link":"https:\/\/auclairdeletre.fr\/index.php\/sophie-pichot\/","title":{"rendered":"Sophie Pichot"},"content":{"rendered":"\t\t<div data-elementor-type=\"wp-page\" data-elementor-id=\"332\" class=\"elementor elementor-332\">\n\t\t\t\t<div class=\"elementor-element elementor-element-a38aaef e-flex e-con-boxed e-con e-parent\" data-id=\"a38aaef\" data-element_type=\"container\">\n\t\t\t\t\t<div class=\"e-con-inner\">\n\t\t\t\t<div class=\"elementor-element elementor-element-2583e06 elementor-widget elementor-widget-heading\" data-id=\"2583e06\" data-element_type=\"widget\" data-widget_type=\"heading.default\">\n\t\t\t\t<div class=\"elementor-widget-container\">\n\t\t\t\t\t<h2 class=\"elementor-heading-title elementor-size-default\">Sophie Pichot<\/h2>\t\t\t\t<\/div>\n\t\t\t\t<\/div>\n\t\t\t\t\t<\/div>\n\t\t\t\t<\/div>\n\t\t<div class=\"elementor-element elementor-element-bfa91a5 e-flex e-con-boxed e-con e-parent\" data-id=\"bfa91a5\" data-element_type=\"container\">\n\t\t\t\t\t<div class=\"e-con-inner\">\n\t\t<div class=\"elementor-element elementor-element-b4f80ec e-con-full e-flex e-con e-child\" data-id=\"b4f80ec\" data-element_type=\"container\">\n\t\t\t\t<div class=\"elementor-element elementor-element-413fc70 elementor-widget elementor-widget-image\" data-id=\"413fc70\" data-element_type=\"widget\" data-widget_type=\"image.default\">\n\t\t\t\t<div class=\"elementor-widget-container\">\n\t\t\t\t\t\t\t\t\t\t\t\t<figure class=\"wp-caption\">\n\t\t\t\t\t\t\t\t\t\t\t<a href=\"https:\/\/feesoh.wixsite.com\/fee-soh\" target=\"_blank\">\n\t\t\t\t\t\t\t<img fetchpriority=\"high\" decoding=\"async\" width=\"319\" height=\"189\" src=\"https:\/\/auclairdeletre.fr\/wp-content\/uploads\/2023\/10\/Logo-Sophie-Pichot.jpg\" class=\"attachment-large size-large wp-image-550\" alt=\"Logo - Sophie Pichot\" srcset=\"https:\/\/auclairdeletre.fr\/wp-content\/uploads\/2023\/10\/Logo-Sophie-Pichot.jpg 319w, https:\/\/auclairdeletre.fr\/wp-content\/uploads\/2023\/10\/Logo-Sophie-Pichot-300x178.jpg 300w\" sizes=\"(max-width: 319px) 100vw, 319px\" \/>\t\t\t\t\t\t\t\t<\/a>\n\t\t\t\t\t\t\t\t\t\t\t<figcaption class=\"widget-image-caption wp-caption-text\">https:\/\/feesoh.wixsite.com\/fee-soh<\/figcaption>\n\t\t\t\t\t\t\t\t\t\t<\/figure>\n\t\t\t\t\t\t\t\t\t<\/div>\n\t\t\t\t<\/div>\n\t\t\t\t<\/div>\n\t\t<div class=\"elementor-element elementor-element-0f337c0 e-con-full e-flex e-con e-child\" data-id=\"0f337c0\" data-element_type=\"container\">\n\t\t\t\t<div class=\"elementor-element elementor-element-c67d3ca elementor-widget elementor-widget-text-editor\" data-id=\"c67d3ca\" data-element_type=\"widget\" data-widget_type=\"text-editor.default\">\n\t\t\t\t<div class=\"elementor-widget-container\">\n\t\t\t\t\t\t\t\t\t<p><span style=\"color: #fcb213;\"><strong>Sophie Pichot<\/strong><\/span> est une \u00e9claireuse, co-cr\u00e9atrice des possibles et du mieux-\u00eatre, qui vous accompagne dans votre chemin de vie, de connaissance de soi et d&rsquo;harmonie.<\/p><p><span style=\"color: #fcb213;\"><strong>Sophie Pichot<\/strong><\/span> utilise la num\u00e9rologie, la cartomancie et l\u2019Imaginologie\u00ae, trois disciplines compl\u00e9mentaires qui vous permettent de vous aligner en trouvant un \u00e9quilibre par rapport \u00e0 qui vous \u00eates. Vous serez aiguill\u00e9.e, conseill\u00e9.e gr\u00e2ce \u00e0 des outils pratiques et spirituels pour optimiser vos choix, vos actions et vos relations.<\/p>\t\t\t\t\t\t\t\t<\/div>\n\t\t\t\t<\/div>\n\t\t\t\t<\/div>\n\t\t<div class=\"elementor-element elementor-element-644249b e-con-full e-flex e-con e-child\" data-id=\"644249b\" data-element_type=\"container\">\n\t\t\t\t<div class=\"elementor-element elementor-element-56d048d elementor-widget elementor-widget-text-editor\" data-id=\"56d048d\" data-element_type=\"widget\" data-widget_type=\"text-editor.default\">\n\t\t\t\t<div class=\"elementor-widget-container\">\n\t\t\t\t\t\t\t\t\t<p><strong><span style=\"color: #fcb213;\">Sophie Pichot<\/span><\/strong> vous re\u00e7oit \u00e0 distance par visioconf\u00e9rence. Elle vous contacte, par avance, par t\u00e9l\u00e9phone pour d\u00e9finir ensemble vos attentes. Vous pouvez la contacter par SMS au <span style=\"color: #fcb213;\"><strong>06 20 64 24 59<\/strong><\/span> ou par email \u00e0 <strong><span style=\"color: #fcb213;\">feesoh.alignement@gmail.com<\/span><\/strong>. Vous pouvez \u00e9galement consulter son <a href=\"https:\/\/feesoh.wixsite.com\/fee-soh\" target=\"_blank\" rel=\"noopener\"><span style=\"color: #fcb213;\"><strong>site web<\/strong><\/span><\/a> pour en savoir plus sur ses prestations et ses tarifs.<\/p><p><span style=\"color: #fcb213;\"><strong>Sophie Pichot est une professionnelle passionn\u00e9e, comp\u00e9tente et inspirante, qui saura vous \u00e9couter, vous comprendre et vous accompagner avec respect et efficacit\u00e9. N&rsquo;h\u00e9sitez pas \u00e0 faire appel \u00e0 elle si vous souhaitez changer votre vie en mieux !<\/strong><\/span><\/p>\t\t\t\t\t\t\t\t<\/div>\n\t\t\t\t<\/div>\n\t\t\t\t<\/div>\n\t\t\t\t\t<\/div>\n\t\t\t\t<\/div>\n\t\t\t\t<\/div>\n\t\t","protected":false},"excerpt":{"rendered":"<p>Sophie Pichot https:\/\/feesoh.wixsite.com\/fee-soh Sophie Pichot est une \u00e9claireuse, co-cr\u00e9atrice des possibles et du mieux-\u00eatre, qui vous accompagne dans votre chemin de vie, de connaissance de soi et d&rsquo;harmonie. Sophie Pichot utilise la num\u00e9rologie, la cartomancie et l\u2019Imaginologie\u00ae, trois disciplines compl\u00e9mentaires qui vous permettent de vous aligner en trouvant un \u00e9quilibre par rapport \u00e0 qui vous&#8230;<\/p>\n","protected":false},"author":1,"featured_media":0,"parent":0,"menu_order":0,"comment_status":"closed","ping_status":"closed","template":"","meta":{"_kad_post_transparent":"","_kad_post_title":"hide","_kad_post_layout":"fullwidth","_kad_post_sidebar_id":"","_kad_post_content_style":"unboxed","_kad_post_vertical_padding":"hide","_kad_post_feature":"hide","_kad_post_feature_position":"","_kad_post_header":false,"_kad_post_footer":false,"footnotes":""},"class_list":["post-332","page","type-page","status-publish","hentry"],"_links":{"self":[{"href":"https:\/\/auclairdeletre.fr\/index.php\/wp-json\/wp\/v2\/pages\/332","targetHints":{"allow":["GET"]}}],"collection":[{"href":"https:\/\/auclairdeletre.fr\/index.php\/wp-json\/wp\/v2\/pages"}],"about":[{"href":"https:\/\/auclairdeletre.fr\/index.php\/wp-json\/wp\/v2\/types\/page"}],"author":[{"embeddable":true,"href":"https:\/\/auclairdeletre.fr\/index.php\/wp-json\/wp\/v2\/users\/1"}],"replies":[{"embeddable":true,"href":"https:\/\/auclairdeletre.fr\/index.php\/wp-json\/wp\/v2\/comments?post=332"}],"version-history":[{"count":16,"href":"https:\/\/auclairdeletre.fr\/index.php\/wp-json\/wp\/v2\/pages\/332\/revisions"}],"predecessor-version":[{"id":554,"href":"https:\/\/auclairdeletre.fr\/index.php\/wp-json\/wp\/v2\/pages\/332\/revisions\/554"}],"wp:attachment":[{"href":"https:\/\/auclairdeletre.fr\/index.php\/wp-json\/wp\/v2\/media?parent=332"}],"curies":[{"name":"wp","href":"https:\/\/api.w.org\/{rel}","templated":true}]}}