{"id":30,"date":"2023-10-11T15:14:05","date_gmt":"2023-10-11T13:14:05","guid":{"rendered":"https:\/\/auclairdeletre.fr\/?page_id=30"},"modified":"2024-02-02T18:41:15","modified_gmt":"2024-02-02T17:41:15","slug":"qui-suis-je","status":"publish","type":"page","link":"https:\/\/auclairdeletre.fr\/index.php\/qui-suis-je\/","title":{"rendered":"Qui suis-je ?"},"content":{"rendered":"\t\t<div data-elementor-type=\"wp-page\" data-elementor-id=\"30\" class=\"elementor elementor-30\">\n\t\t\t\t\t\t<section class=\"elementor-section elementor-top-section elementor-element elementor-element-8fda5b5 elementor-section-stretched elementor-section-full_width elementor-section-height-default elementor-section-height-default\" data-id=\"8fda5b5\" data-element_type=\"section\" data-settings=\"{&quot;stretch_section&quot;:&quot;section-stretched&quot;,&quot;background_background&quot;:&quot;classic&quot;}\">\n\t\t\t\t\t\t\t<div class=\"elementor-background-overlay\"><\/div>\n\t\t\t\t\t\t\t<div class=\"elementor-container elementor-column-gap-wide\">\n\t\t\t\t\t<div class=\"elementor-column elementor-col-33 elementor-top-column elementor-element elementor-element-2b60d610 animated-fast elementor-invisible\" data-id=\"2b60d610\" data-element_type=\"column\" data-settings=\"{&quot;background_background&quot;:&quot;classic&quot;,&quot;animation&quot;:&quot;fadeInLeft&quot;}\">\n\t\t\t<div class=\"elementor-widget-wrap elementor-element-populated\">\n\t\t\t\t\t\t<div class=\"elementor-element elementor-element-28096b6e elementor-widget elementor-widget-spacer\" data-id=\"28096b6e\" data-element_type=\"widget\" data-widget_type=\"spacer.default\">\n\t\t\t\t<div class=\"elementor-widget-container\">\n\t\t\t\t\t\t\t<div class=\"elementor-spacer\">\n\t\t\t<div class=\"elementor-spacer-inner\"><\/div>\n\t\t<\/div>\n\t\t\t\t\t\t<\/div>\n\t\t\t\t<\/div>\n\t\t\t\t\t<\/div>\n\t\t<\/div>\n\t\t\t\t<div class=\"elementor-column elementor-col-66 elementor-top-column elementor-element elementor-element-43d2f9e\" data-id=\"43d2f9e\" data-element_type=\"column\">\n\t\t\t<div class=\"elementor-widget-wrap elementor-element-populated\">\n\t\t\t\t\t\t<section class=\"elementor-section elementor-inner-section elementor-element elementor-element-274fd9d8 elementor-section-boxed elementor-section-height-default elementor-section-height-default\" data-id=\"274fd9d8\" data-element_type=\"section\">\n\t\t\t\t\t\t<div class=\"elementor-container elementor-column-gap-default\">\n\t\t\t\t\t<div class=\"elementor-column elementor-col-100 elementor-inner-column elementor-element elementor-element-7fc68f7b\" data-id=\"7fc68f7b\" data-element_type=\"column\">\n\t\t\t<div class=\"elementor-widget-wrap elementor-element-populated\">\n\t\t\t\t\t\t<div class=\"elementor-element elementor-element-7d9dde6c elementor-widget__width-auto elementor-invisible elementor-widget elementor-widget-heading\" data-id=\"7d9dde6c\" data-element_type=\"widget\" data-settings=\"{&quot;_animation&quot;:&quot;fadeIn&quot;}\" data-widget_type=\"heading.default\">\n\t\t\t\t<div class=\"elementor-widget-container\">\n\t\t\t\t\t<h3 class=\"elementor-heading-title elementor-size-default\">Qui suis-je ?<\/h3>\t\t\t\t<\/div>\n\t\t\t\t<\/div>\n\t\t\t\t<div class=\"elementor-element elementor-element-998b777 elementor-invisible elementor-widget elementor-widget-heading\" data-id=\"998b777\" data-element_type=\"widget\" data-settings=\"{&quot;_animation&quot;:&quot;fadeIn&quot;}\" data-widget_type=\"heading.default\">\n\t\t\t\t<div class=\"elementor-widget-container\">\n\t\t\t\t\t<h4 class=\"elementor-heading-title elementor-size-default\">Maman, handi et entrepreneuse : la force au f\u00e9minin !<\/h4>\t\t\t\t<\/div>\n\t\t\t\t<\/div>\n\t\t\t\t\t<\/div>\n\t\t<\/div>\n\t\t\t\t\t<\/div>\n\t\t<\/section>\n\t\t\t\t<section class=\"elementor-section elementor-inner-section elementor-element elementor-element-1ad05900 elementor-section-full_width elementor-section-height-default elementor-section-height-default\" data-id=\"1ad05900\" data-element_type=\"section\">\n\t\t\t\t\t\t<div class=\"elementor-container elementor-column-gap-wide\">\n\t\t\t\t\t<div class=\"elementor-column elementor-col-50 elementor-inner-column elementor-element elementor-element-3aec072\" data-id=\"3aec072\" data-element_type=\"column\">\n\t\t\t<div class=\"elementor-widget-wrap elementor-element-populated\">\n\t\t\t\t\t\t<div class=\"elementor-element elementor-element-7707bbac elementor-invisible elementor-widget elementor-widget-text-editor\" data-id=\"7707bbac\" data-element_type=\"widget\" data-settings=\"{&quot;_animation&quot;:&quot;fadeIn&quot;}\" data-widget_type=\"text-editor.default\">\n\t\t\t\t<div class=\"elementor-widget-container\">\n\t\t\t\t\t\t\t\t\t<p>Je m&rsquo;appelle <span style=\"color: #fcb213;\"><strong>Marie-Antoinette<\/strong><\/span> mais tout le monde m\u2019appelle <span style=\"color: #fcb213;\"><strong><em>Marie<\/em><\/strong><\/span>, <span style=\"color: #fcb213;\"><em><strong>Marios<\/strong> <\/em><\/span>(ou encore <span style=\"color: #fcb213;\"><em><strong>M\u1ef9 H\u1ea1nh<\/strong><\/em><\/span> depuis que j\u2019ai retrouv\u00e9 une partie de ma famille au Vietnam en d\u00e9cembre 2020). Je suis n\u00e9e au printemps 1979 \u00e0 H\u00f4-Chi-Minh-Ville, dans le chaos de l&rsquo;apr\u00e8s-guerre, de l&rsquo;union \u00e9ph\u00e9m\u00e8re d&rsquo;un p\u00e8re vietnamien et d&rsquo;une m\u00e8re quarteronne franco-vietnamienne. Je suis la seule enfant de ce couple, mais j&rsquo;ai une grande fratrie des deux c\u00f4t\u00e9s de mes parents (cinq demi-fr\u00e8res et s\u0153urs au Vietnam et deux s\u0153urs en France avec qui j&rsquo;ai grandi). Ma m\u00e8re, sa famille et moi avons d\u00fb fuir le pays peu apr\u00e8s ma naissance pour des raisons politiques. Arriv\u00e9es en France, nous avons appris que je souffrais d&rsquo;une <a href=\"https:\/\/www.afm-telethon.fr\/fr\/fiches-maladies\/amyotrophie-spinale-proximale-liee-smn1\" target=\"_blank\" rel=\"noopener\"><span style=\"color: #fcb213;\"><strong>amyotrophie spinale de type 2<\/strong><\/span><\/a>, une maladie g\u00e9n\u00e9tique neuromusculaire qui m&rsquo;a progressivement priv\u00e9e de mobilit\u00e9. J&rsquo;ai donc grandi entre les h\u00f4pitaux, les centres de r\u00e9\u00e9ducation et ma famille, entour\u00e9e de mes deux s\u0153urs cadettes, de mes grands parents, de mes tantes, et de tant d&rsquo;autres personnes qui ont marqu\u00e9 ma vie affective.<\/p>\t\t\t\t\t\t\t\t<\/div>\n\t\t\t\t<\/div>\n\t\t\t\t\t<\/div>\n\t\t<\/div>\n\t\t\t\t<div class=\"elementor-column elementor-col-50 elementor-inner-column elementor-element elementor-element-5c0a251f\" data-id=\"5c0a251f\" data-element_type=\"column\">\n\t\t\t<div class=\"elementor-widget-wrap elementor-element-populated\">\n\t\t\t\t\t\t<div class=\"elementor-element elementor-element-6ca4ce5a elementor-invisible elementor-widget elementor-widget-text-editor\" data-id=\"6ca4ce5a\" data-element_type=\"widget\" data-settings=\"{&quot;_animation&quot;:&quot;fadeIn&quot;}\" data-widget_type=\"text-editor.default\">\n\t\t\t\t<div class=\"elementor-widget-container\">\n\t\t\t\t\t\t\t\t\t<p>C&rsquo;est parce que j&rsquo;ai souvent entendu dire que la vie \u00e9tait impitoyable, qu&rsquo;elle ne faisait pas de cadeaux que j&rsquo;ai choisi d&rsquo;\u00eatre le cadeau de la vie, d&rsquo;<span style=\"color: #fcb213;\"><strong>\u00eatre MON propre cadeau<\/strong><\/span>, et de m&rsquo;offrir tout ce en quoi je croyais. J&rsquo;ai donc d\u00e9cid\u00e9 de<span style=\"color: #fcb213;\"><strong> croire en moi<\/strong><\/span>, <span style=\"color: #fcb213;\"><strong>en l&rsquo;amour<\/strong><\/span> avec une rencontre en 2003, un mariage en 2008, <strong><span style=\"color: #fcb213;\">en mes r\u00eaves les plus fous<\/span><\/strong>, <span style=\"color: #fcb213;\"><strong>en ma cr\u00e9ativit\u00e9<\/strong><\/span>&#8230; et <span style=\"color: #fcb213;\"><strong>en mon corps<\/strong><\/span> qui m&rsquo;a permis d&rsquo;accueillir un petit \u00eatre de <a href=\"https:\/\/www.afmproductions.fr\/laudace-detre-mere\" target=\"_blank\" rel=\"noopener\"><span style=\"color: #fcb213;\"><strong>2,530 kg \u00e0 sa naissance<\/strong><\/span><\/a>, en ao\u00fbt 2010. De tous les cadeaux que je me suis offerts, celui-ci a \u00e9t\u00e9 le plus merveilleux, le plus incroyable mais aussi le plus effrayant et douloureux. Effrayant car en donnant la vie, on r\u00e9alise qu&rsquo;on donne aussi la mort. Et douloureux car toutes mes blessures \u00e9motionnelles enfouies ont \u00e9clat\u00e9 au grand jour. Je n&rsquo;avais jamais imagin\u00e9 qu&rsquo;une petite fille prisonni\u00e8re de ses peurs, de ses non-dits et de ses blessures se cachait derri\u00e8re cette rage de vivre et d&rsquo;exp\u00e9rimenter. Je suis alors all\u00e9e la retrouver dans mes racines pour lui offrir mon \u00e9coute, la possibilit\u00e9 de s&rsquo;exprimer et d&rsquo;exister. Ensemble, main dans la main, nous avons affront\u00e9 tout ce que nous pensions \u00eatre et qui nous limitait dans ce que nous voulions \u00eatre : <span style=\"color: #fcb213;\"><strong>des \u00eatres humains aux potentiels divins<\/strong><\/span>.<\/p>\t\t\t\t\t\t\t\t<\/div>\n\t\t\t\t<\/div>\n\t\t\t\t\t<\/div>\n\t\t<\/div>\n\t\t\t\t\t<\/div>\n\t\t<\/section>\n\t\t\t\t\t<\/div>\n\t\t<\/div>\n\t\t\t\t\t<\/div>\n\t\t<\/section>\n\t\t\t\t<section class=\"elementor-section elementor-top-section elementor-element elementor-element-637bf475 elementor-section-content-middle elementor-reverse-mobile elementor-section-boxed elementor-section-height-default elementor-section-height-default\" data-id=\"637bf475\" data-element_type=\"section\" data-settings=\"{&quot;background_background&quot;:&quot;classic&quot;}\">\n\t\t\t\t\t\t<div class=\"elementor-container elementor-column-gap-wide\">\n\t\t\t\t\t<div class=\"elementor-column elementor-col-50 elementor-top-column elementor-element elementor-element-23037062\" data-id=\"23037062\" data-element_type=\"column\">\n\t\t\t<div class=\"elementor-widget-wrap elementor-element-populated\">\n\t\t\t\t\t\t<div class=\"elementor-element elementor-element-4c8c87 elementor-widget elementor-widget-text-editor\" data-id=\"4c8c87\" data-element_type=\"widget\" data-widget_type=\"text-editor.default\">\n\t\t\t\t<div class=\"elementor-widget-container\">\n\t\t\t\t\t\t\t\t\t<div class=\"content\" tabindex=\"0\"><div class=\"ac-container ac-adaptiveCard\"><div class=\"ac-textBlock\"><div class=\"content\" tabindex=\"0\"><div class=\"ac-container ac-adaptiveCard\"><div class=\"ac-textBlock\"><p>Apr\u00e8s une <span style=\"color: #fcb213;\"><strong>rencontre karmique en 2016<\/strong><\/span> et des <span style=\"color: #fcb213;\"><strong>synchronicit\u00e9s<\/strong> <\/span>qui ont suivi, j\u2019ai commenc\u00e9 \u00e0 m\u2019interroger sur ces ph\u00e9nom\u00e8nes. J\u2019ai alors d\u00e9cid\u00e9 de suivre des formations pour satisfaire ma curiosit\u00e9. En <span style=\"color: #fcb213;\"><strong>2020<\/strong><\/span>, j\u2019ai suivi une formation en <span style=\"color: #fcb213;\"><strong>\u00e9nerg\u00e9tique avec <a style=\"color: #fcb213;\" href=\"https:\/\/www.terapi.paris\/\" target=\"_blank\" rel=\"noopener\">Olivier Perrot<\/a><\/strong><\/span>, o\u00f9 j\u2019ai d\u00e9couvert que j\u2019\u00e9tais capable de <span style=\"color: #fcb213;\"><strong>magn\u00e9tiser<\/strong><\/span>, malgr\u00e9 mon handicap. Toujours avide d\u2019en apprendre davantage sur mes <span style=\"color: #fcb213;\"><strong>capacit\u00e9s extrasensorielles<\/strong><\/span>, j\u2019ai eu la chance de rencontrer <span style=\"color: #fcb213;\"><strong>\u00c9milie Fourreau<\/strong><\/span>, qui m\u2019a propos\u00e9 d\u2019int\u00e9grer sa formation en <span style=\"color: #fcb213;\"><strong>2021-2022<\/strong><\/span>. Au cours de cette formation, j\u2019ai \u00e9galement d\u00e9couvert qu\u2019il m\u2019\u00e9tait possible de recevoir diverses informations du monde subtil en utilisant diff\u00e9rents outils et connaissances ancestrales. Parall\u00e8lement, et en autodidacte, je me suis form\u00e9e en ligne \u00e0 l&rsquo;astrologie m\u00e9dicale et psycho-\u00e9motionnelle, au tarot th\u00e9rapeutique, et \u00e0 bien d&rsquo;autres disciplines !<\/p><p>Aujourd&rsquo;hui, je mets tous ces outils \u00e0 votre disposition pour vous mettre en contact avec votre \u00eatre int\u00e9rieur alors n&rsquo;attendez plus pour recevoir votre appel magique. <span style=\"color: #fcb213;\"><strong>Vos r\u00eaves n&rsquo;attendent que vous pour \u00eatre r\u00e9alis\u00e9s !<\/strong><\/span><\/p><\/div><\/div><\/div><\/div><\/div><\/div>\t\t\t\t\t\t\t\t<\/div>\n\t\t\t\t<\/div>\n\t\t\t\t\t<\/div>\n\t\t<\/div>\n\t\t\t\t<div class=\"elementor-column elementor-col-50 elementor-top-column elementor-element elementor-element-66f4b2e9 elementor-invisible\" data-id=\"66f4b2e9\" data-element_type=\"column\" data-settings=\"{&quot;background_background&quot;:&quot;classic&quot;,&quot;animation&quot;:&quot;fadeIn&quot;}\">\n\t\t\t<div class=\"elementor-widget-wrap elementor-element-populated\">\n\t\t\t\t\t\t<div class=\"elementor-element elementor-element-78fa5527 elementor-widget elementor-widget-spacer\" data-id=\"78fa5527\" data-element_type=\"widget\" data-widget_type=\"spacer.default\">\n\t\t\t\t<div class=\"elementor-widget-container\">\n\t\t\t\t\t\t\t<div class=\"elementor-spacer\">\n\t\t\t<div class=\"elementor-spacer-inner\"><\/div>\n\t\t<\/div>\n\t\t\t\t\t\t<\/div>\n\t\t\t\t<\/div>\n\t\t\t\t\t<\/div>\n\t\t<\/div>\n\t\t\t\t\t<\/div>\n\t\t<\/section>\n\t\t\t\t<\/div>\n\t\t","protected":false},"excerpt":{"rendered":"<p>Qui suis-je ? Maman, handi et entrepreneuse : la force au f\u00e9minin ! Je m&rsquo;appelle Marie-Antoinette mais tout le monde m\u2019appelle Marie, Marios (ou encore M\u1ef9 H\u1ea1nh depuis que j\u2019ai retrouv\u00e9 une partie de ma famille au Vietnam en d\u00e9cembre 2020). Je suis n\u00e9e au printemps 1979 \u00e0 H\u00f4-Chi-Minh-Ville, dans le chaos de l&rsquo;apr\u00e8s-guerre, de&#8230;<\/p>\n","protected":false},"author":1,"featured_media":139,"parent":0,"menu_order":0,"comment_status":"closed","ping_status":"closed","template":"","meta":{"_kad_post_transparent":"","_kad_post_title":"hide","_kad_post_layout":"fullwidth","_kad_post_sidebar_id":"","_kad_post_content_style":"unboxed","_kad_post_vertical_padding":"hide","_kad_post_feature":"hide","_kad_post_feature_position":"","_kad_post_header":false,"_kad_post_footer":false,"footnotes":""},"class_list":["post-30","page","type-page","status-publish","has-post-thumbnail","hentry"],"_links":{"self":[{"href":"https:\/\/auclairdeletre.fr\/index.php\/wp-json\/wp\/v2\/pages\/30","targetHints":{"allow":["GET"]}}],"collection":[{"href":"https:\/\/auclairdeletre.fr\/index.php\/wp-json\/wp\/v2\/pages"}],"about":[{"href":"https:\/\/auclairdeletre.fr\/index.php\/wp-json\/wp\/v2\/types\/page"}],"author":[{"embeddable":true,"href":"https:\/\/auclairdeletre.fr\/index.php\/wp-json\/wp\/v2\/users\/1"}],"replies":[{"embeddable":true,"href":"https:\/\/auclairdeletre.fr\/index.php\/wp-json\/wp\/v2\/comments?post=30"}],"version-history":[{"count":119,"href":"https:\/\/auclairdeletre.fr\/index.php\/wp-json\/wp\/v2\/pages\/30\/revisions"}],"predecessor-version":[{"id":1361,"href":"https:\/\/auclairdeletre.fr\/index.php\/wp-json\/wp\/v2\/pages\/30\/revisions\/1361"}],"wp:featuredmedia":[{"embeddable":true,"href":"https:\/\/auclairdeletre.fr\/index.php\/wp-json\/wp\/v2\/media\/139"}],"wp:attachment":[{"href":"https:\/\/auclairdeletre.fr\/index.php\/wp-json\/wp\/v2\/media?parent=30"}],"curies":[{"name":"wp","href":"https:\/\/api.w.org\/{rel}","templated":true}]}}