{"id":196,"date":"2023-10-15T12:36:21","date_gmt":"2023-10-15T10:36:21","guid":{"rendered":"https:\/\/auclairdeletre.fr\/?page_id=196"},"modified":"2023-10-19T10:32:54","modified_gmt":"2023-10-19T08:32:54","slug":"charte-de-deontologie","status":"publish","type":"page","link":"https:\/\/auclairdeletre.fr\/index.php\/charte-de-deontologie\/","title":{"rendered":"Charte de d\u00e9ontologie"},"content":{"rendered":"\t\t<div data-elementor-type=\"wp-page\" data-elementor-id=\"196\" class=\"elementor elementor-196\">\n\t\t\t\t<div class=\"elementor-element elementor-element-0f1e90f e-flex e-con-boxed e-con e-parent\" data-id=\"0f1e90f\" data-element_type=\"container\">\n\t\t\t\t\t<div class=\"e-con-inner\">\n\t\t\t\t<div class=\"elementor-element elementor-element-ced7fe0 elementor-widget elementor-widget-heading\" data-id=\"ced7fe0\" data-element_type=\"widget\" data-widget_type=\"heading.default\">\n\t\t\t\t<div class=\"elementor-widget-container\">\n\t\t\t\t\t<h1 class=\"elementor-heading-title elementor-size-default\">Charte de d\u00e9ontologie du coach en d\u00e9veloppement personnel et spirituel<\/h1>\t\t\t\t<\/div>\n\t\t\t\t<\/div>\n\t\t\t\t\t<\/div>\n\t\t\t\t<\/div>\n\t\t<div class=\"elementor-element elementor-element-2fbacb1 e-flex e-con-boxed e-con e-parent\" data-id=\"2fbacb1\" data-element_type=\"container\">\n\t\t\t\t\t<div class=\"e-con-inner\">\n\t\t\t\t<div class=\"elementor-element elementor-element-58b5861 elementor-widget elementor-widget-text-editor\" data-id=\"58b5861\" data-element_type=\"widget\" data-widget_type=\"text-editor.default\">\n\t\t\t\t<div class=\"elementor-widget-container\">\n\t\t\t\t\t\t\t\t\t<h3><span style=\"color: #348ddb;\">Pr\u00e9ambule\u00a0<\/span><\/h3><h5><span style=\"color: #fcb213;\">Le coach en d\u00e9veloppement personnel et spirituel est un professionnel qui accompagne les personnes dans leur qu\u00eate de sens, de bien-\u00eatre, de croissance et d&rsquo;\u00e9panouissement. Il utilise des outils et des m\u00e9thodes issus de diff\u00e9rentes disciplines, comme la psychologie, la philosophie, la m\u00e9ditation, la num\u00e9rologie, l&rsquo;astrologie, la cartomancie, le f\u00e9minin sacr\u00e9, etc. Il respecte les croyances, les valeurs et les choix de ses clients. Il s&rsquo;inscrit dans une d\u00e9marche \u00e9thique et responsable.<\/span><\/h5>\t\t\t\t\t\t\t\t<\/div>\n\t\t\t\t<\/div>\n\t\t\t\t\t<\/div>\n\t\t\t\t<\/div>\n\t\t<div class=\"elementor-element elementor-element-4da61e0 e-flex e-con-boxed e-con e-parent\" data-id=\"4da61e0\" data-element_type=\"container\">\n\t\t\t\t\t<div class=\"e-con-inner\">\n\t\t\t\t<div class=\"elementor-element elementor-element-ac73d58 elementor-widget elementor-widget-image\" data-id=\"ac73d58\" data-element_type=\"widget\" data-widget_type=\"image.default\">\n\t\t\t\t<div class=\"elementor-widget-container\">\n\t\t\t\t\t\t\t\t\t\t\t\t\t\t\t<img fetchpriority=\"high\" decoding=\"async\" width=\"1024\" height=\"1024\" src=\"https:\/\/auclairdeletre.fr\/wp-content\/uploads\/2023\/10\/Page-Charte-de-deontologie.jpg\" class=\"attachment-large size-large wp-image-317\" alt=\"Charte de d\u00e9ontologie\" srcset=\"https:\/\/auclairdeletre.fr\/wp-content\/uploads\/2023\/10\/Page-Charte-de-deontologie.jpg 1024w, https:\/\/auclairdeletre.fr\/wp-content\/uploads\/2023\/10\/Page-Charte-de-deontologie-300x300.jpg 300w, https:\/\/auclairdeletre.fr\/wp-content\/uploads\/2023\/10\/Page-Charte-de-deontologie-100x100.jpg 100w, https:\/\/auclairdeletre.fr\/wp-content\/uploads\/2023\/10\/Page-Charte-de-deontologie-600x600.jpg 600w, https:\/\/auclairdeletre.fr\/wp-content\/uploads\/2023\/10\/Page-Charte-de-deontologie-150x150.jpg 150w, https:\/\/auclairdeletre.fr\/wp-content\/uploads\/2023\/10\/Page-Charte-de-deontologie-768x768.jpg 768w\" sizes=\"(max-width: 1024px) 100vw, 1024px\" \/>\t\t\t\t\t\t\t\t\t\t\t\t\t\t\t<\/div>\n\t\t\t\t<\/div>\n\t\t\t\t\t<\/div>\n\t\t\t\t<\/div>\n\t\t<div class=\"elementor-element elementor-element-ccb1ed8 e-flex e-con-boxed e-con e-parent\" data-id=\"ccb1ed8\" data-element_type=\"container\">\n\t\t\t\t\t<div class=\"e-con-inner\">\n\t\t\t\t<div class=\"elementor-element elementor-element-4689ecb elementor-widget elementor-widget-text-editor\" data-id=\"4689ecb\" data-element_type=\"widget\" data-widget_type=\"text-editor.default\">\n\t\t\t\t<div class=\"elementor-widget-container\">\n\t\t\t\t\t\t\t\t\t<p>La pr\u00e9sente charte de d\u00e9ontologie engage tous les coachs en d\u00e9veloppement personnel et spirituel qui y adh\u00e8rent. Elle est le fondement \u00e9thique de leurs pratiques en mati\u00e8re de coaching. Elle repose sur les valeurs d&rsquo;engagement, de bienveillance, d&rsquo;\u00e9coute, d&#8217;empathie et de respect.<\/p>\t\t\t\t\t\t\t\t<\/div>\n\t\t\t\t<\/div>\n\t\t\t\t\t<\/div>\n\t\t\t\t<\/div>\n\t\t<div class=\"elementor-element elementor-element-ab28568 e-flex e-con-boxed e-con e-parent\" data-id=\"ab28568\" data-element_type=\"container\">\n\t\t\t\t\t<div class=\"e-con-inner\">\n\t\t<div class=\"elementor-element elementor-element-0803467 e-con-full e-flex e-con e-child\" data-id=\"0803467\" data-element_type=\"container\">\n\t\t\t\t<div class=\"elementor-element elementor-element-b933b03 elementor-widget elementor-widget-heading\" data-id=\"b933b03\" data-element_type=\"widget\" data-widget_type=\"heading.default\">\n\t\t\t\t<div class=\"elementor-widget-container\">\n\t\t\t\t\t<h5 class=\"elementor-heading-title elementor-size-default\">1 - Devoirs du coach en d\u00e9veloppement personnel et spirituel<\/h5>\t\t\t\t<\/div>\n\t\t\t\t<\/div>\n\t\t\t\t<div class=\"elementor-element elementor-element-e128683 elementor-widget elementor-widget-text-editor\" data-id=\"e128683\" data-element_type=\"widget\" data-widget_type=\"text-editor.default\">\n\t\t\t\t<div class=\"elementor-widget-container\">\n\t\t\t\t\t\t\t\t\t<p><span style=\"color: #348ddb;\"><strong>Art. 1-1 &#8211; Exercice du coaching<\/strong><\/span><\/p><p>Le coach en d\u00e9veloppement personnel et spirituel s&rsquo;autorise en conscience \u00e0 exercer cette fonction \u00e0 partir de sa formation, de son exp\u00e9rience et de sa supervision. Il se forme r\u00e9guli\u00e8rement pour actualiser ses connaissances et ses comp\u00e9tences. Il respecte les r\u00e8gles l\u00e9gales et fiscales li\u00e9es \u00e0 son activit\u00e9.<\/p><p><span style=\"color: #348ddb;\"><strong>Art. 1-2 &#8211; Confidentialit\u00e9<\/strong><\/span><\/p><p>Le coach en d\u00e9veloppement personnel et spirituel s&rsquo;astreint au secret professionnel. Il ne divulgue aucune information concernant ses clients, sauf accord explicite de leur part ou obligation l\u00e9gale.<\/p><p><span style=\"color: #348ddb;\"><strong>Art. 1-3 &#8211; Supervision<\/strong><\/span><\/p><p>L&rsquo;exercice professionnel du coaching en d\u00e9veloppement personnel et spirituel n\u00e9cessite une supervision. Le coach en d\u00e9veloppement personnel et spirituel dispose d&rsquo;un lieu de supervision o\u00f9 il peut analyser sa pratique, \u00e9changer avec ses pairs, b\u00e9n\u00e9ficier d&rsquo;un regard ext\u00e9rieur et se ressourcer.<\/p><p><span style=\"color: #348ddb;\"><strong>Art. 1-4 &#8211; Respect des personnes<\/strong><\/span><\/p><p>Conscient de sa position, le coach en d\u00e9veloppement personnel et spirituel s&rsquo;interdit d&rsquo;exercer tout abus d&rsquo;influence. Il respecte l&rsquo;autonomie, la dignit\u00e9, la libert\u00e9 et l&rsquo;int\u00e9grit\u00e9 de ses clients. Il ne porte aucun jugement sur leurs croyances, leurs valeurs ou leurs choix.<\/p><p><span style=\"color: #348ddb;\"><strong>Art. 1-5 &#8211; Obligation de moyens<\/strong><\/span><\/p><p>Le coach en d\u00e9veloppement personnel et spirituel prend tous les moyens propres \u00e0 permettre, dans le cadre de la demande du client, le d\u00e9veloppement personnel et spirituel du coach\u00e9. Il adapte son intervention aux besoins, aux attentes et au rythme du client. Il lui propose des outils et des m\u00e9thodes adapt\u00e9s \u00e0 sa situation et \u00e0 ses objectifs.<\/p><p><span style=\"color: #348ddb;\"><strong>Art. 1-6 &#8211; Refus de prise en charge<\/strong><\/span><\/p><p>Le coach en d\u00e9veloppement personnel et spirituel peut refuser une prise en charge de coaching pour des raisons propres au client ou \u00e0 lui-m\u00eame. Il indique dans ce cas un de ses confr\u00e8res ou une autre ressource appropri\u00e9e.<\/p>\t\t\t\t\t\t\t\t<\/div>\n\t\t\t\t<\/div>\n\t\t\t\t<\/div>\n\t\t<div class=\"elementor-element elementor-element-f041c8a e-con-full e-flex e-con e-child\" data-id=\"f041c8a\" data-element_type=\"container\">\n\t\t\t\t<div class=\"elementor-element elementor-element-bd31540 elementor-widget elementor-widget-heading\" data-id=\"bd31540\" data-element_type=\"widget\" data-widget_type=\"heading.default\">\n\t\t\t\t<div class=\"elementor-widget-container\">\n\t\t\t\t\t<h5 class=\"elementor-heading-title elementor-size-default\">2 - Devoirs du coach en d\u00e9veloppement personnel et spirituel vis-\u00e0-vis du client<\/h5>\t\t\t\t<\/div>\n\t\t\t\t<\/div>\n\t\t\t\t<div class=\"elementor-element elementor-element-181c96e elementor-widget elementor-widget-text-editor\" data-id=\"181c96e\" data-element_type=\"widget\" data-widget_type=\"text-editor.default\">\n\t\t\t\t<div class=\"elementor-widget-container\">\n\t\t\t\t\t\t\t\t\t<p><span style=\"color: #348ddb;\"><strong>Art. 2-1 &#8211; Lieu du coaching<\/strong><\/span><\/p><p>Le coach en d\u00e9veloppement personnel et spirituel se doit d&rsquo;\u00eatre attentif \u00e0 la signification et aux effets du lieu de la s\u00e9ance de coaching. Il choisit un lieu propice \u00e0 la confidentialit\u00e9, \u00e0 la s\u00e9curit\u00e9, au confort et \u00e0 la s\u00e9r\u00e9nit\u00e9 du client.<\/p><p><span style=\"color: #348ddb;\"><strong>Art. 2-2 &#8211; Responsabilit\u00e9 des d\u00e9cisions<\/strong><\/span><\/p><p>Le coaching en d\u00e9veloppement personnel et spirituel est un processus d&rsquo;accompagnement qui vise \u00e0 favoriser l&rsquo;autonomie, la responsabilit\u00e9 et le pouvoir d&rsquo;agir du client. Le coach en d\u00e9veloppement personnel et spirituel laisse donc toute la responsabilit\u00e9 de ses d\u00e9cisions au client. Il a ainsi une obligation de moyens et non une obligation de r\u00e9sultats.<\/p><p><span style=\"color: #348ddb;\"><strong>Art. 2-3 &#8211; Demande formul\u00e9e<\/strong><\/span><\/p><p>Toute demande de coaching en d\u00e9veloppement personnel et spirituel doit \u00eatre formul\u00e9e par le client lui-m\u00eame ou avec son accord explicite. Le coach en d\u00e9veloppement personnel et spirituel valide la demande du client, ainsi que ses motivations, ses attentes et ses objectifs.<\/p><p><span style=\"color: #348ddb;\"><strong>Art. 2-4 &#8211; Protection de la personne<\/strong><\/span><\/p><p>Le coach en d\u00e9veloppement personnel et spirituel adapte son intervention dans le respect des \u00e9tapes de d\u00e9veloppement du client. Il veille \u00e0 ne pas nuire \u00e0 son \u00e9quilibre psychologique ou physique. Il l&rsquo;oriente vers un autre professionnel si n\u00e9cessaire.<\/p>\t\t\t\t\t\t\t\t<\/div>\n\t\t\t\t<\/div>\n\t\t\t\t<\/div>\n\t\t<div class=\"elementor-element elementor-element-4603fd7 e-con-full e-flex e-con e-child\" data-id=\"4603fd7\" data-element_type=\"container\">\n\t\t\t\t<div class=\"elementor-element elementor-element-49f8cae elementor-widget elementor-widget-heading\" data-id=\"49f8cae\" data-element_type=\"widget\" data-widget_type=\"heading.default\">\n\t\t\t\t<div class=\"elementor-widget-container\">\n\t\t\t\t\t<h5 class=\"elementor-heading-title elementor-size-default\">3 - Devoirs du coach en d\u00e9veloppement personnel et spirituel vis-\u00e0-vis de la profession<\/h5>\t\t\t\t<\/div>\n\t\t\t\t<\/div>\n\t\t\t\t<div class=\"elementor-element elementor-element-28b6fbc elementor-widget elementor-widget-text-editor\" data-id=\"28b6fbc\" data-element_type=\"widget\" data-widget_type=\"text-editor.default\">\n\t\t\t\t<div class=\"elementor-widget-container\">\n\t\t\t\t\t\t\t\t\t<p><span style=\"color: #348ddb;\"><strong>Art. 3-1 &#8211; Respect des confr\u00e8res<\/strong><\/span><\/p><p>Le coach en d\u00e9veloppement personnel et spirituel respecte ses confr\u00e8res et leurs pratiques. Il ne d\u00e9nigre pas, ne critique pas, ne concurrence pas d\u00e9loyalement ses confr\u00e8res. Il favorise la coop\u00e9ration, l&rsquo;entraide et le partage entre les coachs.<\/p><p><span style=\"color: #348ddb;\"><strong>Art. 3-2 &#8211; Respect de la charte<\/strong><\/span><\/p><p>Le coach en d\u00e9veloppement personnel et spirituel respecte la pr\u00e9sente charte de d\u00e9ontologie et s&rsquo;engage \u00e0 la faire respecter. Il accepte d&rsquo;\u00eatre soumis \u00e0 un contr\u00f4le de sa pratique par ses pairs ou par un organisme ind\u00e9pendant.<\/p><p><span style=\"color: #348ddb;\"><strong>Art. 3-3 &#8211; Respect du public<\/strong><\/span><\/p><p>Le coach en d\u00e9veloppement personnel et spirituel respecte le public auquel il s&rsquo;adresse. Il communique de mani\u00e8re claire, honn\u00eate et transparente sur son activit\u00e9, ses comp\u00e9tences, ses r\u00e9f\u00e9rences, ses tarifs et ses conditions g\u00e9n\u00e9rales. Il ne fait pas de publicit\u00e9 mensong\u00e8re ou trompeuse. Il ne promet pas de r\u00e9sultats miraculeux ou irr\u00e9alistes.<\/p>\t\t\t\t\t\t\t\t<\/div>\n\t\t\t\t<\/div>\n\t\t\t\t<\/div>\n\t\t<div class=\"elementor-element elementor-element-ba224f1 e-con-full e-flex e-con e-child\" data-id=\"ba224f1\" data-element_type=\"container\">\n\t\t\t\t<\/div>\n\t\t\t\t\t<\/div>\n\t\t\t\t<\/div>\n\t\t\t\t<\/div>\n\t\t","protected":false},"excerpt":{"rendered":"<p>Charte de d\u00e9ontologie du coach en d\u00e9veloppement personnel et spirituel Pr\u00e9ambule Le coach en d\u00e9veloppement personnel et spirituel est un professionnel qui accompagne les personnes dans leur qu\u00eate de sens, de bien-\u00eatre, de croissance et d&rsquo;\u00e9panouissement. Il utilise des outils et des m\u00e9thodes issus de diff\u00e9rentes disciplines, comme la psychologie, la philosophie, la m\u00e9ditation, la&#8230;<\/p>\n","protected":false},"author":1,"featured_media":317,"parent":0,"menu_order":0,"comment_status":"closed","ping_status":"closed","template":"","meta":{"_kad_post_transparent":"","_kad_post_title":"hide","_kad_post_layout":"fullwidth","_kad_post_sidebar_id":"","_kad_post_content_style":"unboxed","_kad_post_vertical_padding":"hide","_kad_post_feature":"hide","_kad_post_feature_position":"","_kad_post_header":false,"_kad_post_footer":false,"footnotes":""},"class_list":["post-196","page","type-page","status-publish","has-post-thumbnail","hentry"],"_links":{"self":[{"href":"https:\/\/auclairdeletre.fr\/index.php\/wp-json\/wp\/v2\/pages\/196","targetHints":{"allow":["GET"]}}],"collection":[{"href":"https:\/\/auclairdeletre.fr\/index.php\/wp-json\/wp\/v2\/pages"}],"about":[{"href":"https:\/\/auclairdeletre.fr\/index.php\/wp-json\/wp\/v2\/types\/page"}],"author":[{"embeddable":true,"href":"https:\/\/auclairdeletre.fr\/index.php\/wp-json\/wp\/v2\/users\/1"}],"replies":[{"embeddable":true,"href":"https:\/\/auclairdeletre.fr\/index.php\/wp-json\/wp\/v2\/comments?post=196"}],"version-history":[{"count":14,"href":"https:\/\/auclairdeletre.fr\/index.php\/wp-json\/wp\/v2\/pages\/196\/revisions"}],"predecessor-version":[{"id":427,"href":"https:\/\/auclairdeletre.fr\/index.php\/wp-json\/wp\/v2\/pages\/196\/revisions\/427"}],"wp:featuredmedia":[{"embeddable":true,"href":"https:\/\/auclairdeletre.fr\/index.php\/wp-json\/wp\/v2\/media\/317"}],"wp:attachment":[{"href":"https:\/\/auclairdeletre.fr\/index.php\/wp-json\/wp\/v2\/media?parent=196"}],"curies":[{"name":"wp","href":"https:\/\/api.w.org\/{rel}","templated":true}]}}