{"id":121,"date":"2023-10-12T18:11:00","date_gmt":"2023-10-12T16:11:00","guid":{"rendered":"https:\/\/auclairdeletre.fr\/?page_id=121"},"modified":"2023-10-19T11:47:14","modified_gmt":"2023-10-19T09:47:14","slug":"psychologie-positive","status":"publish","type":"page","link":"https:\/\/auclairdeletre.fr\/index.php\/psychologie-positive\/","title":{"rendered":"Psychologie positive"},"content":{"rendered":"\t\t<div data-elementor-type=\"wp-page\" data-elementor-id=\"121\" class=\"elementor elementor-121\">\n\t\t\t\t<div class=\"elementor-element elementor-element-714150f e-flex e-con-boxed e-con e-parent\" data-id=\"714150f\" data-element_type=\"container\">\n\t\t\t\t\t<div class=\"e-con-inner\">\n\t\t\t\t<div class=\"elementor-element elementor-element-a4a8cf6 elementor-widget elementor-widget-heading\" data-id=\"a4a8cf6\" data-element_type=\"widget\" data-widget_type=\"heading.default\">\n\t\t\t\t<div class=\"elementor-widget-container\">\n\t\t\t\t\t<h1 class=\"elementor-heading-title elementor-size-default\">Psychologie positive<\/h1>\t\t\t\t<\/div>\n\t\t\t\t<\/div>\n\t\t\t\t\t<\/div>\n\t\t\t\t<\/div>\n\t\t<div class=\"elementor-element elementor-element-6030ff1 e-flex e-con-boxed e-con e-parent\" data-id=\"6030ff1\" data-element_type=\"container\">\n\t\t\t\t\t<div class=\"e-con-inner\">\n\t\t\t\t<div class=\"elementor-element elementor-element-831977a elementor-widget elementor-widget-text-editor\" data-id=\"831977a\" data-element_type=\"widget\" data-widget_type=\"text-editor.default\">\n\t\t\t\t<div class=\"elementor-widget-container\">\n\t\t\t\t\t\t\t\t\t<h5><span style=\"color: #fcb213;\">Vous \u00eates \u00e0 la recherche d&rsquo;un accompagnement personnalis\u00e9 pour vous aider \u00e0 vous \u00e9panouir dans votre vie personnelle et professionnelle ? Vous souhaitez d\u00e9couvrir votre potentiel, vos talents, vos aspirations et vos d\u00e9fis ? Vous voulez cultiver le bonheur, l&rsquo;optimisme, la gratitude et la r\u00e9silience ?<\/span><\/h5>\t\t\t\t\t\t\t\t<\/div>\n\t\t\t\t<\/div>\n\t\t\t\t\t<\/div>\n\t\t\t\t<\/div>\n\t\t<div class=\"elementor-element elementor-element-453e7bb e-flex e-con-boxed e-con e-parent\" data-id=\"453e7bb\" data-element_type=\"container\">\n\t\t\t\t\t<div class=\"e-con-inner\">\n\t\t<div class=\"elementor-element elementor-element-ef99ba1 e-con-full e-flex e-con e-child\" data-id=\"ef99ba1\" data-element_type=\"container\">\n\t\t\t\t<div class=\"elementor-element elementor-element-23613b7 elementor-widget elementor-widget-image\" data-id=\"23613b7\" data-element_type=\"widget\" data-widget_type=\"image.default\">\n\t\t\t\t<div class=\"elementor-widget-container\">\n\t\t\t\t\t\t\t\t\t\t\t\t\t\t\t<img fetchpriority=\"high\" decoding=\"async\" width=\"1024\" height=\"1024\" src=\"https:\/\/auclairdeletre.fr\/wp-content\/uploads\/2023\/10\/Page-Psychologie-positive.jpg\" class=\"attachment-large size-large wp-image-295\" alt=\"Psychologie positive\" srcset=\"https:\/\/auclairdeletre.fr\/wp-content\/uploads\/2023\/10\/Page-Psychologie-positive.jpg 1024w, https:\/\/auclairdeletre.fr\/wp-content\/uploads\/2023\/10\/Page-Psychologie-positive-300x300.jpg 300w, https:\/\/auclairdeletre.fr\/wp-content\/uploads\/2023\/10\/Page-Psychologie-positive-100x100.jpg 100w, https:\/\/auclairdeletre.fr\/wp-content\/uploads\/2023\/10\/Page-Psychologie-positive-600x600.jpg 600w, https:\/\/auclairdeletre.fr\/wp-content\/uploads\/2023\/10\/Page-Psychologie-positive-150x150.jpg 150w, https:\/\/auclairdeletre.fr\/wp-content\/uploads\/2023\/10\/Page-Psychologie-positive-768x768.jpg 768w\" sizes=\"(max-width: 1024px) 100vw, 1024px\" \/>\t\t\t\t\t\t\t\t\t\t\t\t\t\t\t<\/div>\n\t\t\t\t<\/div>\n\t\t\t\t<\/div>\n\t\t<div class=\"elementor-element elementor-element-0d7ee54 e-con-full e-flex e-con e-child\" data-id=\"0d7ee54\" data-element_type=\"container\">\n\t\t<div class=\"elementor-element elementor-element-ad4ad09 e-flex e-con-boxed e-con e-child\" data-id=\"ad4ad09\" data-element_type=\"container\">\n\t\t\t\t\t<div class=\"e-con-inner\">\n\t\t\t\t<div class=\"elementor-element elementor-element-1e86b16 elementor-widget elementor-widget-text-editor\" data-id=\"1e86b16\" data-element_type=\"widget\" data-widget_type=\"text-editor.default\">\n\t\t\t\t<div class=\"elementor-widget-container\">\n\t\t\t\t\t\t\t\t\t<p>Je vous propose un coaching en psychologie positive, une m\u00e9thode scientifique et efficace qui se focalise sur vos ressources et les aspects positifs de votre vie. La psychologie positive est une discipline de la psychologie fond\u00e9e par le chercheur am\u00e9ricain Martin E. P. Seligman, qui \u00e9tudie ce qui donne un sens \u00e0 la vie, ce qui rend les humains heureux, confiants et optimistes. En analysant votre profil psychologique \u00e0 partir de tests valid\u00e9s, je vous r\u00e9v\u00e8le les secrets de votre identit\u00e9 profonde, de votre mission de vie, de vos forces et de vos valeurs.<\/p><p>En fonction de vos besoins et de vos objectifs, je vous accompagne dans un parcours personnalis\u00e9 qui comprend :<\/p><ul><li>Une \u00e9valuation compl\u00e8te et d\u00e9taill\u00e9e de votre profil psychologique<\/li><li>Des conseils adapt\u00e9s \u00e0 votre personnalit\u00e9 et \u00e0 votre situation<\/li><li>Des exercices pratiques pour d\u00e9velopper vos comp\u00e9tences<\/li><li>Des techniques simples pour renforcer vos \u00e9motions positives<\/li><li>Des outils efficaces pour faire face aux difficult\u00e9s<\/li><\/ul><p>Le coaching en psychologie positive s&rsquo;adresse \u00e0 toute personne qui souhaite mieux se conna\u00eetre, se r\u00e9aliser pleinement, surmonter ses difficult\u00e9s, trouver sa voie, vivre en harmonie avec soi-m\u00eame et avec les autres.<\/p>\t\t\t\t\t\t\t\t<\/div>\n\t\t\t\t<\/div>\n\t\t\t\t\t<\/div>\n\t\t\t\t<\/div>\n\t\t\t\t<\/div>\n\t\t\t\t\t<\/div>\n\t\t\t\t<\/div>\n\t\t<div class=\"elementor-element elementor-element-22b6fe5 e-flex e-con-boxed e-con e-parent\" data-id=\"22b6fe5\" data-element_type=\"container\">\n\t\t\t\t\t<div class=\"e-con-inner\">\n\t\t\t\t<div class=\"elementor-element elementor-element-ca329d5 elementor-widget elementor-widget-text-editor\" data-id=\"ca329d5\" data-element_type=\"widget\" data-widget_type=\"text-editor.default\">\n\t\t\t\t<div class=\"elementor-widget-container\">\n\t\t\t\t\t\t\t\t\t<h5><span style=\"color: #fcb213;\"><strong>Si vous \u00eates int\u00e9ress\u00e9.e par mon offre de coaching en psychologie positive, n&rsquo;h\u00e9sitez pas \u00e0 me contacter pour prendre rendez-vous ou pour obtenir plus d&rsquo;informations. Je serai ravie de vous accompagner dans votre chemin vers l&rsquo;\u00e9panouissement.<\/strong><\/span><\/h5>\t\t\t\t\t\t\t\t<\/div>\n\t\t\t\t<\/div>\n\t\t\t\t\t<\/div>\n\t\t\t\t<\/div>\n\t\t<div class=\"elementor-element elementor-element-a44d41f e-flex e-con-boxed e-con e-parent\" data-id=\"a44d41f\" data-element_type=\"container\">\n\t\t\t\t\t<div class=\"e-con-inner\">\n\t\t\t\t<div class=\"elementor-element elementor-element-1512524 elementor-widget elementor-widget-heading\" data-id=\"1512524\" data-element_type=\"widget\" data-widget_type=\"heading.default\">\n\t\t\t\t<div class=\"elementor-widget-container\">\n\t\t\t\t\t<h2 class=\"elementor-heading-title elementor-size-default\">Tarif<\/h2>\t\t\t\t<\/div>\n\t\t\t\t<\/div>\n\t\t\t\t\t<\/div>\n\t\t\t\t<\/div>\n\t\t<div class=\"elementor-element elementor-element-7ce18be e-flex e-con-boxed e-con e-parent\" data-id=\"7ce18be\" data-element_type=\"container\">\n\t\t\t\t\t<div class=\"e-con-inner\">\n\t\t\t\t<div class=\"elementor-element elementor-element-ee6fb81 elementor-widget elementor-widget-text-editor\" data-id=\"ee6fb81\" data-element_type=\"widget\" data-widget_type=\"text-editor.default\">\n\t\t\t\t<div class=\"elementor-widget-container\">\n\t\t\t\t\t\t\t\t\t<p>\u00c0 venir&#8230;<\/p>\t\t\t\t\t\t\t\t<\/div>\n\t\t\t\t<\/div>\n\t\t\t\t\t<\/div>\n\t\t\t\t<\/div>\n\t\t\t\t<\/div>\n\t\t","protected":false},"excerpt":{"rendered":"<p>Psychologie positive Vous \u00eates \u00e0 la recherche d&rsquo;un accompagnement personnalis\u00e9 pour vous aider \u00e0 vous \u00e9panouir dans votre vie personnelle et professionnelle ? Vous souhaitez d\u00e9couvrir votre potentiel, vos talents, vos aspirations et vos d\u00e9fis ? Vous voulez cultiver le bonheur, l&rsquo;optimisme, la gratitude et la r\u00e9silience ? Je vous propose un coaching en psychologie&#8230;<\/p>\n","protected":false},"author":1,"featured_media":0,"parent":0,"menu_order":0,"comment_status":"closed","ping_status":"closed","template":"","meta":{"_kad_post_transparent":"","_kad_post_title":"hide","_kad_post_layout":"fullwidth","_kad_post_sidebar_id":"","_kad_post_content_style":"unboxed","_kad_post_vertical_padding":"hide","_kad_post_feature":"hide","_kad_post_feature_position":"","_kad_post_header":false,"_kad_post_footer":false,"footnotes":""},"class_list":["post-121","page","type-page","status-publish","hentry"],"_links":{"self":[{"href":"https:\/\/auclairdeletre.fr\/index.php\/wp-json\/wp\/v2\/pages\/121","targetHints":{"allow":["GET"]}}],"collection":[{"href":"https:\/\/auclairdeletre.fr\/index.php\/wp-json\/wp\/v2\/pages"}],"about":[{"href":"https:\/\/auclairdeletre.fr\/index.php\/wp-json\/wp\/v2\/types\/page"}],"author":[{"embeddable":true,"href":"https:\/\/auclairdeletre.fr\/index.php\/wp-json\/wp\/v2\/users\/1"}],"replies":[{"embeddable":true,"href":"https:\/\/auclairdeletre.fr\/index.php\/wp-json\/wp\/v2\/comments?post=121"}],"version-history":[{"count":10,"href":"https:\/\/auclairdeletre.fr\/index.php\/wp-json\/wp\/v2\/pages\/121\/revisions"}],"predecessor-version":[{"id":444,"href":"https:\/\/auclairdeletre.fr\/index.php\/wp-json\/wp\/v2\/pages\/121\/revisions\/444"}],"wp:attachment":[{"href":"https:\/\/auclairdeletre.fr\/index.php\/wp-json\/wp\/v2\/media?parent=121"}],"curies":[{"name":"wp","href":"https:\/\/api.w.org\/{rel}","templated":true}]}}