{"id":120,"date":"2023-10-12T18:10:59","date_gmt":"2023-10-12T16:10:59","guid":{"rendered":"https:\/\/auclairdeletre.fr\/?page_id=120"},"modified":"2023-12-01T15:21:03","modified_gmt":"2023-12-01T14:21:03","slug":"feminin-sacre","status":"publish","type":"page","link":"https:\/\/auclairdeletre.fr\/index.php\/feminin-sacre\/","title":{"rendered":"F\u00e9minin sacr\u00e9"},"content":{"rendered":"\t\t<div data-elementor-type=\"wp-page\" data-elementor-id=\"120\" class=\"elementor elementor-120\">\n\t\t\t\t<div class=\"elementor-element elementor-element-c49cb2f e-flex e-con-boxed e-con e-parent\" data-id=\"c49cb2f\" data-element_type=\"container\">\n\t\t\t\t\t<div class=\"e-con-inner\">\n\t\t\t\t<div class=\"elementor-element elementor-element-3bb6115 elementor-widget elementor-widget-heading\" data-id=\"3bb6115\" data-element_type=\"widget\" data-widget_type=\"heading.default\">\n\t\t\t\t<div class=\"elementor-widget-container\">\n\t\t\t\t\t<h1 class=\"elementor-heading-title elementor-size-default\">F\u00e9minin sacr\u00e9<\/h1>\t\t\t\t<\/div>\n\t\t\t\t<\/div>\n\t\t\t\t\t<\/div>\n\t\t\t\t<\/div>\n\t\t<div class=\"elementor-element elementor-element-f03e4c1 e-flex e-con-boxed e-con e-parent\" data-id=\"f03e4c1\" data-element_type=\"container\">\n\t\t\t\t\t<div class=\"e-con-inner\">\n\t\t\t\t<div class=\"elementor-element elementor-element-2348da4 elementor-widget elementor-widget-text-editor\" data-id=\"2348da4\" data-element_type=\"widget\" data-widget_type=\"text-editor.default\">\n\t\t\t\t<div class=\"elementor-widget-container\">\n\t\t\t\t\t\t\t\t\t<h5><span style=\"color: #fcb213;\">Vous \u00eates une femme qui souhaitez se reconnecter \u00e0 son essence f\u00e9minine, \u00e0 sa puissance, \u00e0 sa cr\u00e9ativit\u00e9, \u00e0 sa spiritualit\u00e9 ? Vous voulez vivre pleinement votre f\u00e9minit\u00e9, sans tabous, sans limites, sans peurs ? Vous aspirez \u00e0 vous \u00e9panouir dans tous les domaines de votre vie, en harmonie avec vous-m\u00eame et avec les autres ?<\/span><\/h5>\t\t\t\t\t\t\t\t<\/div>\n\t\t\t\t<\/div>\n\t\t\t\t\t<\/div>\n\t\t\t\t<\/div>\n\t\t<div class=\"elementor-element elementor-element-c6a4821 e-flex e-con-boxed e-con e-parent\" data-id=\"c6a4821\" data-element_type=\"container\">\n\t\t\t\t\t<div class=\"e-con-inner\">\n\t\t<div class=\"elementor-element elementor-element-f763116 e-con-full e-flex e-con e-child\" data-id=\"f763116\" data-element_type=\"container\">\n\t\t\t\t<div class=\"elementor-element elementor-element-0907f90 elementor-widget elementor-widget-image\" data-id=\"0907f90\" data-element_type=\"widget\" data-widget_type=\"image.default\">\n\t\t\t\t<div class=\"elementor-widget-container\">\n\t\t\t\t\t\t\t\t\t\t\t\t\t\t\t<img fetchpriority=\"high\" decoding=\"async\" width=\"1024\" height=\"1024\" src=\"https:\/\/auclairdeletre.fr\/wp-content\/uploads\/2023\/10\/Page-Feminin-Sacre.jpg\" class=\"attachment-large size-large wp-image-284\" alt=\"F\u00e9minin sacr\u00e9\" srcset=\"https:\/\/auclairdeletre.fr\/wp-content\/uploads\/2023\/10\/Page-Feminin-Sacre.jpg 1024w, https:\/\/auclairdeletre.fr\/wp-content\/uploads\/2023\/10\/Page-Feminin-Sacre-300x300.jpg 300w, https:\/\/auclairdeletre.fr\/wp-content\/uploads\/2023\/10\/Page-Feminin-Sacre-100x100.jpg 100w, https:\/\/auclairdeletre.fr\/wp-content\/uploads\/2023\/10\/Page-Feminin-Sacre-600x600.jpg 600w, https:\/\/auclairdeletre.fr\/wp-content\/uploads\/2023\/10\/Page-Feminin-Sacre-150x150.jpg 150w, https:\/\/auclairdeletre.fr\/wp-content\/uploads\/2023\/10\/Page-Feminin-Sacre-768x768.jpg 768w\" sizes=\"(max-width: 1024px) 100vw, 1024px\" \/>\t\t\t\t\t\t\t\t\t\t\t\t\t\t\t<\/div>\n\t\t\t\t<\/div>\n\t\t\t\t<\/div>\n\t\t<div class=\"elementor-element elementor-element-63638ca e-con-full e-flex e-con e-child\" data-id=\"63638ca\" data-element_type=\"container\">\n\t\t<div class=\"elementor-element elementor-element-1e9dff1 e-flex e-con-boxed e-con e-child\" data-id=\"1e9dff1\" data-element_type=\"container\">\n\t\t\t\t\t<div class=\"e-con-inner\">\n\t\t\t\t<div class=\"elementor-element elementor-element-7a15ac1 elementor-widget elementor-widget-text-editor\" data-id=\"7a15ac1\" data-element_type=\"widget\" data-widget_type=\"text-editor.default\">\n\t\t\t\t<div class=\"elementor-widget-container\">\n\t\t\t\t\t\t\t\t\t<p>Je vous propose un coaching en F\u00e9minin sacr\u00e9, une m\u00e9thode innovante et efficace qui utilise le potentiel des nombres comme outils de connaissance de soi et de guidance. Le F\u00e9minin sacr\u00e9 est une ressource que nous avons en nous, et qui nous propose de nous connecter \u00e0 notre magie f\u00e9minine. Il s\u2019agit de renouer avec notre force f\u00e9minine, notre \u00e9nergie f\u00e9minine, la femme originelle.<\/p><p>En calculant votre th\u00e8me num\u00e9rologique \u00e0 partir de votre date de naissance et de votre nom complet, je vous r\u00e9v\u00e8le les secrets de votre identit\u00e9 profonde, de votre mission de vie, de vos cycles \u00e9volutifs et de vos opportunit\u00e9s. Je vous accompagne dans un parcours personnalis\u00e9 qui comprend :<\/p><ul><li>Une analyse compl\u00e8te et d\u00e9taill\u00e9e de votre th\u00e8me num\u00e9rologique<\/li><li>Des conseils adapt\u00e9s \u00e0 votre vibration personnelle<\/li><li>Des exercices pratiques pour d\u00e9velopper vos capacit\u00e9s<\/li><li>Des affirmations positives pour renforcer votre confiance en vous<\/li><li>Des rituels pour attirer l&rsquo;abondance et la r\u00e9ussite<\/li><\/ul><p>Le coaching en F\u00e9minin sacr\u00e9 s&rsquo;adresse \u00e0 toute femme qui souhaite se conna\u00eetre davantage, se r\u00e9aliser pleinement, surmonter ses difficult\u00e9s, trouver sa voie, vivre en accord avec soi-m\u00eame et avec les autres.<\/p>\t\t\t\t\t\t\t\t<\/div>\n\t\t\t\t<\/div>\n\t\t\t\t\t<\/div>\n\t\t\t\t<\/div>\n\t\t\t\t<\/div>\n\t\t\t\t\t<\/div>\n\t\t\t\t<\/div>\n\t\t<div class=\"elementor-element elementor-element-06314d0 e-flex e-con-boxed e-con e-parent\" data-id=\"06314d0\" data-element_type=\"container\">\n\t\t\t\t\t<div class=\"e-con-inner\">\n\t\t\t\t<div class=\"elementor-element elementor-element-3c9b834 elementor-widget elementor-widget-text-editor\" data-id=\"3c9b834\" data-element_type=\"widget\" data-widget_type=\"text-editor.default\">\n\t\t\t\t<div class=\"elementor-widget-container\">\n\t\t\t\t\t\t\t\t\t<h5><span style=\"color: #fcb213;\"><strong>Si vous \u00eates int\u00e9ress\u00e9e par mon offre de coaching en F\u00e9minin sacr\u00e9, n&rsquo;h\u00e9sitez pas \u00e0 me contacter pour prendre rendez-vous ou pour obtenir plus d&rsquo;informations. Je serai ravie de vous accompagner dans votre chemin vers l&rsquo;\u00e9panouissement.<\/strong><\/span><\/h5>\t\t\t\t\t\t\t\t<\/div>\n\t\t\t\t<\/div>\n\t\t\t\t\t<\/div>\n\t\t\t\t<\/div>\n\t\t\t\t<\/div>\n\t\t","protected":false},"excerpt":{"rendered":"<p>F\u00e9minin sacr\u00e9 Vous \u00eates une femme qui souhaitez se reconnecter \u00e0 son essence f\u00e9minine, \u00e0 sa puissance, \u00e0 sa cr\u00e9ativit\u00e9, \u00e0 sa spiritualit\u00e9 ? Vous voulez vivre pleinement votre f\u00e9minit\u00e9, sans tabous, sans limites, sans peurs ? Vous aspirez \u00e0 vous \u00e9panouir dans tous les domaines de votre vie, en harmonie avec vous-m\u00eame et avec&#8230;<\/p>\n","protected":false},"author":1,"featured_media":0,"parent":0,"menu_order":0,"comment_status":"closed","ping_status":"closed","template":"","meta":{"_kad_post_transparent":"","_kad_post_title":"hide","_kad_post_layout":"fullwidth","_kad_post_sidebar_id":"","_kad_post_content_style":"unboxed","_kad_post_vertical_padding":"hide","_kad_post_feature":"hide","_kad_post_feature_position":"","_kad_post_header":false,"_kad_post_footer":false,"footnotes":""},"class_list":["post-120","page","type-page","status-publish","hentry"],"_links":{"self":[{"href":"https:\/\/auclairdeletre.fr\/index.php\/wp-json\/wp\/v2\/pages\/120","targetHints":{"allow":["GET"]}}],"collection":[{"href":"https:\/\/auclairdeletre.fr\/index.php\/wp-json\/wp\/v2\/pages"}],"about":[{"href":"https:\/\/auclairdeletre.fr\/index.php\/wp-json\/wp\/v2\/types\/page"}],"author":[{"embeddable":true,"href":"https:\/\/auclairdeletre.fr\/index.php\/wp-json\/wp\/v2\/users\/1"}],"replies":[{"embeddable":true,"href":"https:\/\/auclairdeletre.fr\/index.php\/wp-json\/wp\/v2\/comments?post=120"}],"version-history":[{"count":19,"href":"https:\/\/auclairdeletre.fr\/index.php\/wp-json\/wp\/v2\/pages\/120\/revisions"}],"predecessor-version":[{"id":973,"href":"https:\/\/auclairdeletre.fr\/index.php\/wp-json\/wp\/v2\/pages\/120\/revisions\/973"}],"wp:attachment":[{"href":"https:\/\/auclairdeletre.fr\/index.php\/wp-json\/wp\/v2\/media?parent=120"}],"curies":[{"name":"wp","href":"https:\/\/api.w.org\/{rel}","templated":true}]}}