{"id":119,"date":"2023-10-12T18:10:59","date_gmt":"2023-10-12T16:10:59","guid":{"rendered":"https:\/\/auclairdeletre.fr\/?page_id=119"},"modified":"2023-11-01T21:32:16","modified_gmt":"2023-11-01T20:32:16","slug":"cartomancie","status":"publish","type":"page","link":"https:\/\/auclairdeletre.fr\/index.php\/cartomancie\/","title":{"rendered":"Cartomancie"},"content":{"rendered":"\t\t<div data-elementor-type=\"wp-page\" data-elementor-id=\"119\" class=\"elementor elementor-119\">\n\t\t\t\t<div class=\"elementor-element elementor-element-b054e3b e-flex e-con-boxed e-con e-parent\" data-id=\"b054e3b\" data-element_type=\"container\">\n\t\t\t\t\t<div class=\"e-con-inner\">\n\t\t\t\t<div class=\"elementor-element elementor-element-2f32317 elementor-widget elementor-widget-heading\" data-id=\"2f32317\" data-element_type=\"widget\" data-widget_type=\"heading.default\">\n\t\t\t\t<div class=\"elementor-widget-container\">\n\t\t\t\t\t<h1 class=\"elementor-heading-title elementor-size-default\">Cartomancie<\/h1>\t\t\t\t<\/div>\n\t\t\t\t<\/div>\n\t\t\t\t\t<\/div>\n\t\t\t\t<\/div>\n\t\t<div class=\"elementor-element elementor-element-cb99dd1 e-flex e-con-boxed e-con e-parent\" data-id=\"cb99dd1\" data-element_type=\"container\">\n\t\t\t\t\t<div class=\"e-con-inner\">\n\t\t\t\t<div class=\"elementor-element elementor-element-09ad7e2 elementor-widget elementor-widget-text-editor\" data-id=\"09ad7e2\" data-element_type=\"widget\" data-widget_type=\"text-editor.default\">\n\t\t\t\t<div class=\"elementor-widget-container\">\n\t\t\t\t\t\t\t\t\t<p><span style=\"color: #fcb213;\"><strong>Vous \u00eates curieux\u2022se de savoir ce que les cartes peuvent vous r\u00e9v\u00e9ler sur votre situation actuelle, vos opportunit\u00e9s, vos d\u00e9fis et vos perspectives d\u2019avenir ? Vous souhaitez b\u00e9n\u00e9ficier d\u2019un accompagnement personnalis\u00e9 et adapt\u00e9 \u00e0 vos besoins, \u00e0 votre rythme et \u00e0 votre budget ? Alors, mon offre de coaching en cartomancie du moment pr\u00e9sent est faite pour vous !<\/strong><\/span><\/p>\t\t\t\t\t\t\t\t<\/div>\n\t\t\t\t<\/div>\n\t\t\t\t\t<\/div>\n\t\t\t\t<\/div>\n\t\t<div class=\"elementor-element elementor-element-6d3ba1f e-flex e-con-boxed e-con e-parent\" data-id=\"6d3ba1f\" data-element_type=\"container\">\n\t\t\t\t\t<div class=\"e-con-inner\">\n\t\t<div class=\"elementor-element elementor-element-ce2fb38 e-con-full e-flex e-con e-child\" data-id=\"ce2fb38\" data-element_type=\"container\">\n\t\t\t\t<div class=\"elementor-element elementor-element-b48ed6c elementor-widget elementor-widget-image\" data-id=\"b48ed6c\" data-element_type=\"widget\" data-widget_type=\"image.default\">\n\t\t\t\t<div class=\"elementor-widget-container\">\n\t\t\t\t\t\t\t\t\t\t\t\t\t\t\t<img fetchpriority=\"high\" decoding=\"async\" width=\"1024\" height=\"1024\" src=\"https:\/\/auclairdeletre.fr\/wp-content\/uploads\/2023\/10\/Page-Cartomancie.jpg\" class=\"attachment-large size-large wp-image-276\" alt=\"Page - Cartomancie\" srcset=\"https:\/\/auclairdeletre.fr\/wp-content\/uploads\/2023\/10\/Page-Cartomancie.jpg 1024w, https:\/\/auclairdeletre.fr\/wp-content\/uploads\/2023\/10\/Page-Cartomancie-300x300.jpg 300w, https:\/\/auclairdeletre.fr\/wp-content\/uploads\/2023\/10\/Page-Cartomancie-100x100.jpg 100w, https:\/\/auclairdeletre.fr\/wp-content\/uploads\/2023\/10\/Page-Cartomancie-600x600.jpg 600w, https:\/\/auclairdeletre.fr\/wp-content\/uploads\/2023\/10\/Page-Cartomancie-150x150.jpg 150w, https:\/\/auclairdeletre.fr\/wp-content\/uploads\/2023\/10\/Page-Cartomancie-768x768.jpg 768w\" sizes=\"(max-width: 1024px) 100vw, 1024px\" \/>\t\t\t\t\t\t\t\t\t\t\t\t\t\t\t<\/div>\n\t\t\t\t<\/div>\n\t\t\t\t<\/div>\n\t\t<div class=\"elementor-element elementor-element-1cad537 e-con-full e-flex e-con e-child\" data-id=\"1cad537\" data-element_type=\"container\">\n\t\t<div class=\"elementor-element elementor-element-5c178b1 e-flex e-con-boxed e-con e-child\" data-id=\"5c178b1\" data-element_type=\"container\">\n\t\t\t\t\t<div class=\"e-con-inner\">\n\t\t\t\t<div class=\"elementor-element elementor-element-b009ec2 elementor-widget elementor-widget-text-editor\" data-id=\"b009ec2\" data-element_type=\"widget\" data-widget_type=\"text-editor.default\">\n\t\t\t\t<div class=\"elementor-widget-container\">\n\t\t\t\t\t\t\t\t\t<p>La cartomancie est un art divinatoire qui utilise les cartes, qu\u2019elles soient de tarot, d\u2019oracle ou de jeu classique, pour r\u00e9pondre aux questions que vous vous posez sur votre vie. Elle vous permet de prendre conscience de vos forces, de vos faiblesses, de vos blocages et de vos potentialit\u00e9s. Elle vous aide \u00e9galement \u00e0 prendre des d\u00e9cisions \u00e9clair\u00e9es, \u00e0 r\u00e9soudre des probl\u00e8mes, \u00e0 surmonter des obstacles et \u00e0 r\u00e9aliser vos projets.<\/p><p>Mon offre de coaching en cartomancie du moment pr\u00e9sent consiste en un accompagnement individuel et personnalis\u00e9, bas\u00e9 sur le tirage des cartes. Je vous propose des s\u00e9ances r\u00e9guli\u00e8res, par t\u00e9l\u00e9phone ou par visioconf\u00e9rence, au cours desquelles nous explorerons ensemble les messages que les cartes ont \u00e0 vous transmettre. Je vous apporterai mon \u00e9coute attentive, mon soutien bienveillant et mes conseils pratiques. Je vous fournirai \u00e9galement des documents \u00e9crits r\u00e9sumant les points cl\u00e9s de votre tirage, ainsi que des exercices simples \u00e0 faire entre les s\u00e9ances.<\/p>\t\t\t\t\t\t\t\t<\/div>\n\t\t\t\t<\/div>\n\t\t\t\t\t<\/div>\n\t\t\t\t<\/div>\n\t\t\t\t<\/div>\n\t\t\t\t\t<\/div>\n\t\t\t\t<\/div>\n\t\t<div class=\"elementor-element elementor-element-054bb99 e-flex e-con-boxed e-con e-parent\" data-id=\"054bb99\" data-element_type=\"container\">\n\t\t\t\t\t<div class=\"e-con-inner\">\n\t\t\t\t<div class=\"elementor-element elementor-element-f163d00 elementor-widget elementor-widget-text-editor\" data-id=\"f163d00\" data-element_type=\"widget\" data-widget_type=\"text-editor.default\">\n\t\t\t\t<div class=\"elementor-widget-container\">\n\t\t\t\t\t\t\t\t\t<p><strong><span style=\"color: #fcb213;\">Si vous \u00eates int\u00e9ress\u00e9\u2022e par mon offre de coaching en cartomancie du moment pr\u00e9sent, n\u2019h\u00e9sitez pas \u00e0 me contacter pour prendre un rendez-vous gratuit et sans engagement. Je me ferai un plaisir de r\u00e9pondre \u00e0 toutes vos questions et de vous accompagner dans votre d\u00e9marche de d\u00e9veloppement personnel.<\/span><\/strong><\/p>\t\t\t\t\t\t\t\t<\/div>\n\t\t\t\t<\/div>\n\t\t\t\t\t<\/div>\n\t\t\t\t<\/div>\n\t\t<div class=\"elementor-element elementor-element-0348804 e-flex e-con-boxed e-con e-parent\" data-id=\"0348804\" data-element_type=\"container\">\n\t\t\t\t\t<div class=\"e-con-inner\">\n\t\t\t\t<div class=\"elementor-element elementor-element-1996715 elementor-widget elementor-widget-heading\" data-id=\"1996715\" data-element_type=\"widget\" data-widget_type=\"heading.default\">\n\t\t\t\t<div class=\"elementor-widget-container\">\n\t\t\t\t\t<h2 class=\"elementor-heading-title elementor-size-default\">Tarif<\/h2>\t\t\t\t<\/div>\n\t\t\t\t<\/div>\n\t\t\t\t\t<\/div>\n\t\t\t\t<\/div>\n\t\t<div class=\"elementor-element elementor-element-c01f8e0 e-flex e-con-boxed e-con e-parent\" data-id=\"c01f8e0\" data-element_type=\"container\">\n\t\t\t\t\t<div class=\"e-con-inner\">\n\t\t\t\t<div class=\"elementor-element elementor-element-3480769 elementor-widget elementor-widget-text-editor\" data-id=\"3480769\" data-element_type=\"widget\" data-widget_type=\"text-editor.default\">\n\t\t\t\t<div class=\"elementor-widget-container\">\n\t\t\t\t\t\t\t\t\t<p>\u00c0 venir&#8230;<\/p>\t\t\t\t\t\t\t\t<\/div>\n\t\t\t\t<\/div>\n\t\t\t\t\t<\/div>\n\t\t\t\t<\/div>\n\t\t\t\t<\/div>\n\t\t","protected":false},"excerpt":{"rendered":"<p>Cartomancie Vous \u00eates curieux\u2022se de savoir ce que les cartes peuvent vous r\u00e9v\u00e9ler sur votre situation actuelle, vos opportunit\u00e9s, vos d\u00e9fis et vos perspectives d\u2019avenir ? Vous souhaitez b\u00e9n\u00e9ficier d\u2019un accompagnement personnalis\u00e9 et adapt\u00e9 \u00e0 vos besoins, \u00e0 votre rythme et \u00e0 votre budget ? Alors, mon offre de coaching en cartomancie du moment pr\u00e9sent&#8230;<\/p>\n","protected":false},"author":1,"featured_media":0,"parent":0,"menu_order":0,"comment_status":"closed","ping_status":"closed","template":"","meta":{"_kad_post_transparent":"","_kad_post_title":"hide","_kad_post_layout":"fullwidth","_kad_post_sidebar_id":"","_kad_post_content_style":"unboxed","_kad_post_vertical_padding":"hide","_kad_post_feature":"hide","_kad_post_feature_position":"","_kad_post_header":false,"_kad_post_footer":false,"footnotes":""},"class_list":["post-119","page","type-page","status-publish","hentry"],"_links":{"self":[{"href":"https:\/\/auclairdeletre.fr\/index.php\/wp-json\/wp\/v2\/pages\/119","targetHints":{"allow":["GET"]}}],"collection":[{"href":"https:\/\/auclairdeletre.fr\/index.php\/wp-json\/wp\/v2\/pages"}],"about":[{"href":"https:\/\/auclairdeletre.fr\/index.php\/wp-json\/wp\/v2\/types\/page"}],"author":[{"embeddable":true,"href":"https:\/\/auclairdeletre.fr\/index.php\/wp-json\/wp\/v2\/users\/1"}],"replies":[{"embeddable":true,"href":"https:\/\/auclairdeletre.fr\/index.php\/wp-json\/wp\/v2\/comments?post=119"}],"version-history":[{"count":19,"href":"https:\/\/auclairdeletre.fr\/index.php\/wp-json\/wp\/v2\/pages\/119\/revisions"}],"predecessor-version":[{"id":744,"href":"https:\/\/auclairdeletre.fr\/index.php\/wp-json\/wp\/v2\/pages\/119\/revisions\/744"}],"wp:attachment":[{"href":"https:\/\/auclairdeletre.fr\/index.php\/wp-json\/wp\/v2\/media?parent=119"}],"curies":[{"name":"wp","href":"https:\/\/api.w.org\/{rel}","templated":true}]}}