{"id":117,"date":"2023-10-12T18:10:59","date_gmt":"2023-10-12T16:10:59","guid":{"rendered":"https:\/\/auclairdeletre.fr\/?page_id=117"},"modified":"2024-01-23T14:41:20","modified_gmt":"2024-01-23T13:41:20","slug":"numerologie","status":"publish","type":"page","link":"https:\/\/auclairdeletre.fr\/index.php\/numerologie\/","title":{"rendered":"Num\u00e9rologie"},"content":{"rendered":"\t\t<div data-elementor-type=\"wp-page\" data-elementor-id=\"117\" class=\"elementor elementor-117\">\n\t\t\t\t<div class=\"elementor-element elementor-element-158ea56 e-flex e-con-boxed e-con e-parent\" data-id=\"158ea56\" data-element_type=\"container\">\n\t\t\t\t\t<div class=\"e-con-inner\">\n\t\t\t\t<div class=\"elementor-element elementor-element-380f57d elementor-widget elementor-widget-heading\" data-id=\"380f57d\" data-element_type=\"widget\" data-widget_type=\"heading.default\">\n\t\t\t\t<div class=\"elementor-widget-container\">\n\t\t\t\t\t<h1 class=\"elementor-heading-title elementor-size-default\">Num\u00e9rologie<\/h1>\t\t\t\t<\/div>\n\t\t\t\t<\/div>\n\t\t\t\t\t<\/div>\n\t\t\t\t<\/div>\n\t\t<div class=\"elementor-element elementor-element-da5a594 e-flex e-con-boxed e-con e-parent\" data-id=\"da5a594\" data-element_type=\"container\">\n\t\t\t\t\t<div class=\"e-con-inner\">\n\t\t\t\t<div class=\"elementor-element elementor-element-4df30d7 elementor-widget elementor-widget-text-editor\" data-id=\"4df30d7\" data-element_type=\"widget\" data-widget_type=\"text-editor.default\">\n\t\t\t\t<div class=\"elementor-widget-container\">\n\t\t\t\t\t\t\t\t\t<p><strong>Vous \u00eates \u00e0 la recherche d&rsquo;un accompagnement personnalis\u00e9 pour vous aider \u00e0 vous \u00e9panouir dans votre vie personnelle et professionnelle ? Vous souhaitez d\u00e9couvrir votre potentiel, vos talents, vos aspirations et vos d\u00e9fis ? Vous voulez harmoniser vos \u00e9nergies, clarifier vos choix, optimiser vos relations et transformer positivement votre vie ?<\/strong><\/p>\t\t\t\t\t\t\t\t<\/div>\n\t\t\t\t<\/div>\n\t\t\t\t\t<\/div>\n\t\t\t\t<\/div>\n\t\t<div class=\"elementor-element elementor-element-f4e9505 e-flex e-con-boxed e-con e-parent\" data-id=\"f4e9505\" data-element_type=\"container\">\n\t\t\t\t\t<div class=\"e-con-inner\">\n\t\t<div class=\"elementor-element elementor-element-14f2916 e-con-full e-flex e-con e-child\" data-id=\"14f2916\" data-element_type=\"container\">\n\t\t\t\t<div class=\"elementor-element elementor-element-cd9257d elementor-widget elementor-widget-image\" data-id=\"cd9257d\" data-element_type=\"widget\" data-widget_type=\"image.default\">\n\t\t\t\t<div class=\"elementor-widget-container\">\n\t\t\t\t\t\t\t\t\t\t\t\t\t\t\t<img fetchpriority=\"high\" decoding=\"async\" width=\"1024\" height=\"1024\" src=\"https:\/\/auclairdeletre.fr\/wp-content\/uploads\/2023\/10\/Page-Numerologie.jpg\" class=\"attachment-large size-large wp-image-270\" alt=\"Page - Num\u00e9rologie\" srcset=\"https:\/\/auclairdeletre.fr\/wp-content\/uploads\/2023\/10\/Page-Numerologie.jpg 1024w, https:\/\/auclairdeletre.fr\/wp-content\/uploads\/2023\/10\/Page-Numerologie-300x300.jpg 300w, https:\/\/auclairdeletre.fr\/wp-content\/uploads\/2023\/10\/Page-Numerologie-100x100.jpg 100w, https:\/\/auclairdeletre.fr\/wp-content\/uploads\/2023\/10\/Page-Numerologie-600x600.jpg 600w, https:\/\/auclairdeletre.fr\/wp-content\/uploads\/2023\/10\/Page-Numerologie-150x150.jpg 150w, https:\/\/auclairdeletre.fr\/wp-content\/uploads\/2023\/10\/Page-Numerologie-768x768.jpg 768w\" sizes=\"(max-width: 1024px) 100vw, 1024px\" \/>\t\t\t\t\t\t\t\t\t\t\t\t\t\t\t<\/div>\n\t\t\t\t<\/div>\n\t\t\t\t<\/div>\n\t\t<div class=\"elementor-element elementor-element-a1afae8 e-con-full e-flex e-con e-child\" data-id=\"a1afae8\" data-element_type=\"container\">\n\t\t<div class=\"elementor-element elementor-element-c2fb68e e-flex e-con-boxed e-con e-child\" data-id=\"c2fb68e\" data-element_type=\"container\">\n\t\t\t\t\t<div class=\"e-con-inner\">\n\t\t\t\t<div class=\"elementor-element elementor-element-86ba808 elementor-widget elementor-widget-text-editor\" data-id=\"86ba808\" data-element_type=\"widget\" data-widget_type=\"text-editor.default\">\n\t\t\t\t<div class=\"elementor-widget-container\">\n\t\t\t\t\t\t\t\t\t<p>Je vous propose un coaching en num\u00e9rologie, une m\u00e9thode innovante et efficace qui utilise les nombres comme outils de connaissance de soi et de guidance. La num\u00e9rologie est une science mill\u00e9naire qui \u00e9tudie la signification symbolique des nombres et leur influence sur notre personnalit\u00e9, notre destin\u00e9e et notre environnement. En calculant votre th\u00e8me num\u00e9rologique \u00e0 partir de votre date de naissance et de votre nom complet, je vous r\u00e9v\u00e8le les secrets de votre identit\u00e9 profonde, de votre mission de vie, de vos cycles \u00e9volutifs et de vos opportunit\u00e9s.<\/p><p>En fonction de vos besoins et de vos objectifs, je vous accompagne dans un parcours personnalis\u00e9 qui comprend :<\/p><ul><li>Une analyse compl\u00e8te et d\u00e9taill\u00e9e de votre th\u00e8me num\u00e9rologique<\/li><li>Des conseils adapt\u00e9s \u00e0 votre vibration personnelle<\/li><li>Des exercices pratiques pour d\u00e9velopper vos capacit\u00e9s<\/li><li>Des affirmations positives pour renforcer votre confiance en vous<\/li><li>Des rituels pour attirer l&rsquo;abondance et la r\u00e9ussite<\/li><\/ul><p>Le coaching en num\u00e9rologie s&rsquo;adresse \u00e0 toute personne qui souhaite se conna\u00eetre davantage, se r\u00e9aliser pleinement, surmonter ses difficult\u00e9s, trouver sa voie, vivre en accord avec soi-m\u00eame et avec les autres.<\/p>\t\t\t\t\t\t\t\t<\/div>\n\t\t\t\t<\/div>\n\t\t\t\t\t<\/div>\n\t\t\t\t<\/div>\n\t\t\t\t<\/div>\n\t\t\t\t\t<\/div>\n\t\t\t\t<\/div>\n\t\t<div class=\"elementor-element elementor-element-9dc3fed e-flex e-con-boxed e-con e-parent\" data-id=\"9dc3fed\" data-element_type=\"container\">\n\t\t\t\t\t<div class=\"e-con-inner\">\n\t\t\t\t<div class=\"elementor-element elementor-element-f3e3b38 elementor-widget elementor-widget-text-editor\" data-id=\"f3e3b38\" data-element_type=\"widget\" data-widget_type=\"text-editor.default\">\n\t\t\t\t<div class=\"elementor-widget-container\">\n\t\t\t\t\t\t\t\t\t<p><strong>Si vous \u00eates int\u00e9ress\u00e9.e par mon offre de coaching en num\u00e9rologie, n&rsquo;h\u00e9sitez pas \u00e0 me contacter pour prendre rendez-vous ou pour obtenir plus d&rsquo;informations. Je serai ravie de vous accompagner dans votre chemin vers l&rsquo;\u00e9panouissement.<\/strong><\/p>\t\t\t\t\t\t\t\t<\/div>\n\t\t\t\t<\/div>\n\t\t\t\t\t<\/div>\n\t\t\t\t<\/div>\n\t\t<div class=\"elementor-element elementor-element-5e4ad76 e-flex e-con-boxed e-con e-parent\" data-id=\"5e4ad76\" data-element_type=\"container\">\n\t\t\t\t\t<div class=\"e-con-inner\">\n\t\t\t\t<div class=\"elementor-element elementor-element-d5927ce elementor-widget elementor-widget-heading\" data-id=\"d5927ce\" data-element_type=\"widget\" data-widget_type=\"heading.default\">\n\t\t\t\t<div class=\"elementor-widget-container\">\n\t\t\t\t\t<h2 class=\"elementor-heading-title elementor-size-default\">Tarif<\/h2>\t\t\t\t<\/div>\n\t\t\t\t<\/div>\n\t\t\t\t\t<\/div>\n\t\t\t\t<\/div>\n\t\t<div class=\"elementor-element elementor-element-7a01eaf e-flex e-con-boxed e-con e-parent\" data-id=\"7a01eaf\" data-element_type=\"container\">\n\t\t\t\t\t<div class=\"e-con-inner\">\n\t\t\t\t<div class=\"elementor-element elementor-element-b82e8c5 elementor-widget elementor-widget-text-editor\" data-id=\"b82e8c5\" data-element_type=\"widget\" data-widget_type=\"text-editor.default\">\n\t\t\t\t<div class=\"elementor-widget-container\">\n\t\t\t\t\t\t\t\t\t<ul><li>Premier entretien (appel\/visio) : <strong>gratuit<\/strong>.<\/li><li>Deuxi\u00e8me entretien (appel\/visio) \u2013 restitution de l&rsquo;analyse du th\u00e8me num\u00e9rologique : <strong>39,00<\/strong> \u20ac.<\/li><li>Coaching sur 3 mois (appel\/visio) : <strong>299,00<\/strong> \u20ac.<\/li><\/ul>\t\t\t\t\t\t\t\t<\/div>\n\t\t\t\t<\/div>\n\t\t\t\t\t<\/div>\n\t\t\t\t<\/div>\n\t\t\t\t<\/div>\n\t\t","protected":false},"excerpt":{"rendered":"<p>Num\u00e9rologie Vous \u00eates \u00e0 la recherche d&rsquo;un accompagnement personnalis\u00e9 pour vous aider \u00e0 vous \u00e9panouir dans votre vie personnelle et professionnelle ? Vous souhaitez d\u00e9couvrir votre potentiel, vos talents, vos aspirations et vos d\u00e9fis ? Vous voulez harmoniser vos \u00e9nergies, clarifier vos choix, optimiser vos relations et transformer positivement votre vie ? Je vous propose&#8230;<\/p>\n","protected":false},"author":1,"featured_media":0,"parent":0,"menu_order":0,"comment_status":"closed","ping_status":"closed","template":"","meta":{"_kad_post_transparent":"","_kad_post_title":"hide","_kad_post_layout":"fullwidth","_kad_post_sidebar_id":"","_kad_post_content_style":"unboxed","_kad_post_vertical_padding":"hide","_kad_post_feature":"hide","_kad_post_feature_position":"","_kad_post_header":false,"_kad_post_footer":false,"footnotes":""},"class_list":["post-117","page","type-page","status-publish","hentry"],"_links":{"self":[{"href":"https:\/\/auclairdeletre.fr\/index.php\/wp-json\/wp\/v2\/pages\/117","targetHints":{"allow":["GET"]}}],"collection":[{"href":"https:\/\/auclairdeletre.fr\/index.php\/wp-json\/wp\/v2\/pages"}],"about":[{"href":"https:\/\/auclairdeletre.fr\/index.php\/wp-json\/wp\/v2\/types\/page"}],"author":[{"embeddable":true,"href":"https:\/\/auclairdeletre.fr\/index.php\/wp-json\/wp\/v2\/users\/1"}],"replies":[{"embeddable":true,"href":"https:\/\/auclairdeletre.fr\/index.php\/wp-json\/wp\/v2\/comments?post=117"}],"version-history":[{"count":17,"href":"https:\/\/auclairdeletre.fr\/index.php\/wp-json\/wp\/v2\/pages\/117\/revisions"}],"predecessor-version":[{"id":1162,"href":"https:\/\/auclairdeletre.fr\/index.php\/wp-json\/wp\/v2\/pages\/117\/revisions\/1162"}],"wp:attachment":[{"href":"https:\/\/auclairdeletre.fr\/index.php\/wp-json\/wp\/v2\/media?parent=117"}],"curies":[{"name":"wp","href":"https:\/\/api.w.org\/{rel}","templated":true}]}}