{"id":116,"date":"2023-10-12T18:10:59","date_gmt":"2023-10-12T16:10:59","guid":{"rendered":"https:\/\/auclairdeletre.fr\/?page_id=116"},"modified":"2024-01-23T14:34:25","modified_gmt":"2024-01-23T13:34:25","slug":"astrologie","status":"publish","type":"page","link":"https:\/\/auclairdeletre.fr\/index.php\/astrologie\/","title":{"rendered":"Astrologie"},"content":{"rendered":"\t\t<div data-elementor-type=\"wp-page\" data-elementor-id=\"116\" class=\"elementor elementor-116\">\n\t\t\t\t<div class=\"elementor-element elementor-element-80b20de e-flex e-con-boxed e-con e-parent\" data-id=\"80b20de\" data-element_type=\"container\">\n\t\t\t\t\t<div class=\"e-con-inner\">\n\t\t\t\t<div class=\"elementor-element elementor-element-b7856e8 elementor-widget elementor-widget-heading\" data-id=\"b7856e8\" data-element_type=\"widget\" data-widget_type=\"heading.default\">\n\t\t\t\t<div class=\"elementor-widget-container\">\n\t\t\t\t\t<h1 class=\"elementor-heading-title elementor-size-default\">Astrologie<\/h1>\t\t\t\t<\/div>\n\t\t\t\t<\/div>\n\t\t\t\t\t<\/div>\n\t\t\t\t<\/div>\n\t\t<div class=\"elementor-element elementor-element-7813e17 e-flex e-con-boxed e-con e-parent\" data-id=\"7813e17\" data-element_type=\"container\">\n\t\t\t\t\t<div class=\"e-con-inner\">\n\t\t\t\t<div class=\"elementor-element elementor-element-a72f24e elementor-widget elementor-widget-text-editor\" data-id=\"a72f24e\" data-element_type=\"widget\" data-widget_type=\"text-editor.default\">\n\t\t\t\t<div class=\"elementor-widget-container\">\n\t\t\t\t\t\t\t\t\t<p><strong>Vous \u00eates passionn\u00e9\u2022e par l\u2019astrologie et vous souhaitez d\u00e9couvrir comment elle peut vous aider \u00e0 mieux comprendre votre sant\u00e9, vos \u00e9motions et votre personnalit\u00e9 ? Vous cherchez un accompagnement personnalis\u00e9 et bienveillant pour vous guider dans votre chemin de vie ? Alors, mon offre de coaching en astrologie m\u00e9dicale et psycho-\u00e9motionnelle est faite pour vous !<\/strong><\/p>\t\t\t\t\t\t\t\t<\/div>\n\t\t\t\t<\/div>\n\t\t\t\t\t<\/div>\n\t\t\t\t<\/div>\n\t\t<div class=\"elementor-element elementor-element-6b4faff e-flex e-con-boxed e-con e-parent\" data-id=\"6b4faff\" data-element_type=\"container\">\n\t\t\t\t\t<div class=\"e-con-inner\">\n\t\t<div class=\"elementor-element elementor-element-9134051 e-con-full e-flex e-con e-child\" data-id=\"9134051\" data-element_type=\"container\">\n\t\t\t\t<div class=\"elementor-element elementor-element-01c3a68 elementor-widget elementor-widget-image\" data-id=\"01c3a68\" data-element_type=\"widget\" data-widget_type=\"image.default\">\n\t\t\t\t<div class=\"elementor-widget-container\">\n\t\t\t\t\t\t\t\t\t\t\t\t\t\t\t<img fetchpriority=\"high\" decoding=\"async\" width=\"1024\" height=\"1024\" src=\"https:\/\/auclairdeletre.fr\/wp-content\/uploads\/2023\/10\/OIG.jpg\" class=\"attachment-large size-large wp-image-174\" alt=\"Accompagnement en astrologie\" srcset=\"https:\/\/auclairdeletre.fr\/wp-content\/uploads\/2023\/10\/OIG.jpg 1024w, https:\/\/auclairdeletre.fr\/wp-content\/uploads\/2023\/10\/OIG-300x300.jpg 300w, https:\/\/auclairdeletre.fr\/wp-content\/uploads\/2023\/10\/OIG-100x100.jpg 100w, https:\/\/auclairdeletre.fr\/wp-content\/uploads\/2023\/10\/OIG-600x600.jpg 600w, https:\/\/auclairdeletre.fr\/wp-content\/uploads\/2023\/10\/OIG-150x150.jpg 150w, https:\/\/auclairdeletre.fr\/wp-content\/uploads\/2023\/10\/OIG-768x768.jpg 768w\" sizes=\"(max-width: 1024px) 100vw, 1024px\" \/>\t\t\t\t\t\t\t\t\t\t\t\t\t\t\t<\/div>\n\t\t\t\t<\/div>\n\t\t\t\t<\/div>\n\t\t<div class=\"elementor-element elementor-element-3fb9d78 e-con-full e-flex e-con e-child\" data-id=\"3fb9d78\" data-element_type=\"container\">\n\t\t<div class=\"elementor-element elementor-element-a29bae1 e-flex e-con-boxed e-con e-child\" data-id=\"a29bae1\" data-element_type=\"container\">\n\t\t\t\t\t<div class=\"e-con-inner\">\n\t\t\t\t<div class=\"elementor-element elementor-element-3f534fd elementor-widget elementor-widget-text-editor\" data-id=\"3f534fd\" data-element_type=\"widget\" data-widget_type=\"text-editor.default\">\n\t\t\t\t<div class=\"elementor-widget-container\">\n\t\t\t\t\t\t\t\t\t<p>L\u2019astrologie m\u00e9dicale est une branche de l\u2019astrologie qui \u00e9tudie les liens entre les plan\u00e8tes, les signes du zodiaque et les parties du corps, les organes, les maladies et les rem\u00e8des. Elle vous permet de conna\u00eetre vos points forts et vos points faibles sur le plan physique, ainsi que les pr\u00e9dispositions ou les risques que vous pouvez avoir selon votre th\u00e8me astral. Elle vous donne \u00e9galement des conseils pour pr\u00e9venir ou soigner les troubles de sant\u00e9 gr\u00e2ce \u00e0 des m\u00e9thodes naturelles et holistiques.<\/p><p>L\u2019astrologie psycho-\u00e9motionnelle est une branche de l\u2019astrologie qui analyse les influences des plan\u00e8tes, des signes du zodiaque et des maisons astrologiques sur votre psychologie, vos \u00e9motions, vos motivations, vos besoins et vos aspirations. Elle vous aide \u00e0 mieux vous conna\u00eetre, \u00e0 identifier vos forces et vos faiblesses, \u00e0 d\u00e9velopper votre potentiel et \u00e0 harmoniser vos relations avec les autres. Elle vous offre \u00e9galement des outils pour g\u00e9rer vos \u00e9motions, surmonter vos blocages et r\u00e9aliser vos r\u00eaves.<\/p><p>Mon offre de coaching en astrologie m\u00e9dicale et psycho-\u00e9motionnelle consiste en un accompagnement individuel et personnalis\u00e9, bas\u00e9 sur l\u2019\u00e9tude approfondie de votre th\u00e8me astral. Je vous propose des s\u00e9ances r\u00e9guli\u00e8res, par t\u00e9l\u00e9phone ou par visioconf\u00e9rence, au cours desquelles nous \u00e9changerons sur vos besoins, vos objectifs, vos difficult\u00e9s et vos progr\u00e8s. Je vous apporterai mon \u00e9coute attentive, mon soutien bienveillant et mes conseils avis\u00e9s. Je vous fournirai \u00e9galement des documents \u00e9crits r\u00e9sumant les points cl\u00e9s de votre th\u00e8me astral, ainsi que des exercices pratiques \u00e0 faire entre les s\u00e9ances.<\/p>\t\t\t\t\t\t\t\t<\/div>\n\t\t\t\t<\/div>\n\t\t\t\t\t<\/div>\n\t\t\t\t<\/div>\n\t\t\t\t<\/div>\n\t\t\t\t\t<\/div>\n\t\t\t\t<\/div>\n\t\t<div class=\"elementor-element elementor-element-f6da55a e-flex e-con-boxed e-con e-parent\" data-id=\"f6da55a\" data-element_type=\"container\">\n\t\t\t\t\t<div class=\"e-con-inner\">\n\t\t\t\t<div class=\"elementor-element elementor-element-80d25cd elementor-widget elementor-widget-text-editor\" data-id=\"80d25cd\" data-element_type=\"widget\" data-widget_type=\"text-editor.default\">\n\t\t\t\t<div class=\"elementor-widget-container\">\n\t\t\t\t\t\t\t\t\t<p><strong>Si vous \u00eates int\u00e9ress\u00e9\u2022e par mon offre de coaching en astrologie m\u00e9dicale et psycho-\u00e9motionnelle, n\u2019h\u00e9sitez pas \u00e0 me contacter pour prendre un rendez-vous gratuit et sans engagement. Je me ferai un plaisir de r\u00e9pondre \u00e0 toutes vos questions et de vous accompagner dans votre d\u00e9marche de d\u00e9veloppement personnel.<\/strong><\/p>\t\t\t\t\t\t\t\t<\/div>\n\t\t\t\t<\/div>\n\t\t\t\t\t<\/div>\n\t\t\t\t<\/div>\n\t\t<div class=\"elementor-element elementor-element-dc134c1 e-flex e-con-boxed e-con e-parent\" data-id=\"dc134c1\" data-element_type=\"container\">\n\t\t\t\t\t<div class=\"e-con-inner\">\n\t\t\t\t<div class=\"elementor-element elementor-element-91a7aad elementor-widget elementor-widget-heading\" data-id=\"91a7aad\" data-element_type=\"widget\" data-widget_type=\"heading.default\">\n\t\t\t\t<div class=\"elementor-widget-container\">\n\t\t\t\t\t<h2 class=\"elementor-heading-title elementor-size-default\">Tarif<\/h2>\t\t\t\t<\/div>\n\t\t\t\t<\/div>\n\t\t\t\t\t<\/div>\n\t\t\t\t<\/div>\n\t\t<div class=\"elementor-element elementor-element-6eef2e9 e-flex e-con-boxed e-con e-parent\" data-id=\"6eef2e9\" data-element_type=\"container\">\n\t\t\t\t\t<div class=\"e-con-inner\">\n\t\t\t\t<div class=\"elementor-element elementor-element-ddc9ea3 elementor-widget elementor-widget-text-editor\" data-id=\"ddc9ea3\" data-element_type=\"widget\" data-widget_type=\"text-editor.default\">\n\t\t\t\t<div class=\"elementor-widget-container\">\n\t\t\t\t\t\t\t\t\t<ul><li>Premier entretien (appel\/visio) : <strong>gratuit<\/strong>.<\/li><li>Deuxi\u00e8me entretien (appel\/visio) \u2013 restitution de l&rsquo;analyse du th\u00e8me astrologique : <strong>39,00<\/strong> \u20ac.<\/li><li>Coaching sur 3 mois (appel\/visio) : <strong>299,00<\/strong> \u20ac.<\/li><\/ul>\t\t\t\t\t\t\t\t<\/div>\n\t\t\t\t<\/div>\n\t\t\t\t\t<\/div>\n\t\t\t\t<\/div>\n\t\t\t\t<\/div>\n\t\t","protected":false},"excerpt":{"rendered":"<p>Astrologie Vous \u00eates passionn\u00e9\u2022e par l\u2019astrologie et vous souhaitez d\u00e9couvrir comment elle peut vous aider \u00e0 mieux comprendre votre sant\u00e9, vos \u00e9motions et votre personnalit\u00e9 ? Vous cherchez un accompagnement personnalis\u00e9 et bienveillant pour vous guider dans votre chemin de vie ? Alors, mon offre de coaching en astrologie m\u00e9dicale et psycho-\u00e9motionnelle est faite pour&#8230;<\/p>\n","protected":false},"author":1,"featured_media":0,"parent":0,"menu_order":0,"comment_status":"closed","ping_status":"closed","template":"","meta":{"_kad_post_transparent":"","_kad_post_title":"hide","_kad_post_layout":"fullwidth","_kad_post_sidebar_id":"","_kad_post_content_style":"unboxed","_kad_post_vertical_padding":"hide","_kad_post_feature":"hide","_kad_post_feature_position":"","_kad_post_header":false,"_kad_post_footer":false,"footnotes":""},"class_list":["post-116","page","type-page","status-publish","hentry"],"_links":{"self":[{"href":"https:\/\/auclairdeletre.fr\/index.php\/wp-json\/wp\/v2\/pages\/116","targetHints":{"allow":["GET"]}}],"collection":[{"href":"https:\/\/auclairdeletre.fr\/index.php\/wp-json\/wp\/v2\/pages"}],"about":[{"href":"https:\/\/auclairdeletre.fr\/index.php\/wp-json\/wp\/v2\/types\/page"}],"author":[{"embeddable":true,"href":"https:\/\/auclairdeletre.fr\/index.php\/wp-json\/wp\/v2\/users\/1"}],"replies":[{"embeddable":true,"href":"https:\/\/auclairdeletre.fr\/index.php\/wp-json\/wp\/v2\/comments?post=116"}],"version-history":[{"count":49,"href":"https:\/\/auclairdeletre.fr\/index.php\/wp-json\/wp\/v2\/pages\/116\/revisions"}],"predecessor-version":[{"id":1156,"href":"https:\/\/auclairdeletre.fr\/index.php\/wp-json\/wp\/v2\/pages\/116\/revisions\/1156"}],"wp:attachment":[{"href":"https:\/\/auclairdeletre.fr\/index.php\/wp-json\/wp\/v2\/media?parent=116"}],"curies":[{"name":"wp","href":"https:\/\/api.w.org\/{rel}","templated":true}]}}